{"id":96,"date":"2018-02-26T16:39:09","date_gmt":"2018-02-26T16:39:09","guid":{"rendered":"http:\/\/heimat-und-geschichtsverein-buxtehude.de\/?page_id=96"},"modified":"2019-01-09T10:53:38","modified_gmt":"2019-01-09T10:53:38","slug":"der-verein","status":"publish","type":"page","link":"https:\/\/heimat-und-geschichtsverein-buxtehude.de\/?page_id=96","title":{"rendered":"Der Verein"},"content":{"rendered":"<h1>Der Heimat- und Geschichtsverein Buxtehude<\/h1>\n<p><span style=\"font-size: 16px;\"><b>Uns gibt es seit 1880 &#8211; und wir passen doch in die heutige Zeit<\/b><\/span><\/p>\n<ul>\n<li><span style=\"font-size: 16px;\">Wir k\u00fcmmern uns um die Erforschung der Stadt- und Regionalgeschichte<\/span><\/li>\n<li><span style=\"font-size: 16px;\">um Natur- und Landschaftsschutz<\/span><\/li>\n<li><span style=\"font-size: 16px;\">und um unsere denkmalgesch\u00fctzten H\u00e4user.<\/span><\/li>\n<li><span style=\"font-size: 16px;\">Wi schnackt ok Platt un sammelt plattd\u00fc\u00fctsche Beuker.<\/span><\/li>\n<li><span style=\"font-size: 16px;\">Wir unternehmen auch gerne etwas zusammen.<\/span><\/li>\n<li><span style=\"font-size: 16px;\">Unser Verein hat \u00fcber 300 Mitglieder.<\/span><\/li>\n<\/ul>\n<p>&nbsp;<\/p>\n<p><strong>Neue Ehrenmitglieder 2018<br \/>\n<\/strong><\/p>\n<p>Auf unserer diesj\u00e4hrigen Jahreshauptversammlung wurden Walburga Frenzel und Horst Bartmer zu Ehrenmitglieder ernannt.<br \/>\nFrau Frenzel war bis Ende 2017 unsere Beauftragte f\u00fcr die vereinseigenen H\u00e4user, Herr Bartmer war bis 2017 fast 40 Jahre lang Vorsitzender des Vereins.<br \/>\nHerzlichen Gl\u00fcckwunsch!<\/p>\n<p><img loading=\"lazy\" decoding=\"async\" class=\"alignleft wp-image-1028\" src=\"https:\/\/heimat-und-geschichtsverein-buxtehude.de\/wp-content\/uploads\/2018\/06\/20180530_210938.jpg\" alt=\"\" width=\"311\" height=\"311\" srcset=\"https:\/\/heimat-und-geschichtsverein-buxtehude.de\/wp-content\/uploads\/2018\/06\/20180530_210938.jpg 512w, https:\/\/heimat-und-geschichtsverein-buxtehude.de\/wp-content\/uploads\/2018\/06\/20180530_210938-150x150.jpg 150w, https:\/\/heimat-und-geschichtsverein-buxtehude.de\/wp-content\/uploads\/2018\/06\/20180530_210938-300x300.jpg 300w\" sizes=\"(max-width: 311px) 100vw, 311px\" \/><\/p>\n<p>&nbsp;<\/p>\n","protected":false},"excerpt":{"rendered":"<p>Der Heimat- und Geschichtsverein Buxtehude Uns gibt es seit 1880 &#8211; und wir passen doch in die heutige Zeit Wir k\u00fcmmern uns um die Erforschung der Stadt- und Regionalgeschichte um Natur- und Landschaftsschutz und um unsere denkmalgesch\u00fctzten H\u00e4user. Wi schnackt ok Platt un sammelt plattd\u00fc\u00fctsche Beuker. Wir unternehmen auch gerne\u2026<\/p>\n<p> <a class=\"continue-reading-link\" href=\"https:\/\/heimat-und-geschichtsverein-buxtehude.de\/?page_id=96\"><span>Continue reading<\/span><i class=\"crycon-right-dir\"><\/i><\/a> <\/p>\n","protected":false},"author":1,"featured_media":0,"parent":0,"menu_order":0,"comment_status":"closed","ping_status":"closed","template":"","meta":{"ngg_post_thumbnail":0,"footnotes":""},"yoast_head":"<!-- This site is optimized with the Yoast SEO plugin v23.5 - https:\/\/yoast.com\/wordpress\/plugins\/seo\/ -->\n<title>Der Verein - Heimat- und Geschichtsverein Buxtehude<\/title>\n<meta name=\"description\" content=\"Heimat- und Geschichtsverein Buxtehude, seit 1880. Wir k\u00fcmmern uns um die Erforschung der Stadt- und Regionalgeschichte, um Natur- und Landschaftsschutz und um unsere denkmalgesch\u00fctzten H\u00e4user.\" \/>\n<meta name=\"robots\" content=\"index, follow, max-snippet:-1, max-image-preview:large, max-video-preview:-1\" \/>\n<link rel=\"canonical\" href=\"https:\/\/heimat-und-geschichtsverein-buxtehude.de\/?page_id=96\" \/>\n<meta property=\"og:locale\" content=\"de_DE\" \/>\n<meta property=\"og:type\" content=\"article\" \/>\n<meta property=\"og:title\" content=\"Der Verein - Heimat- und Geschichtsverein Buxtehude\" \/>\n<meta property=\"og:description\" content=\"Heimat- und Geschichtsverein Buxtehude, seit 1880. Wir k\u00fcmmern uns um die Erforschung der Stadt- und Regionalgeschichte, um Natur- und Landschaftsschutz und um unsere denkmalgesch\u00fctzten H\u00e4user.\" \/>\n<meta property=\"og:url\" content=\"https:\/\/heimat-und-geschichtsverein-buxtehude.de\/?page_id=96\" \/>\n<meta property=\"og:site_name\" content=\"Heimat- und Geschichtsverein Buxtehude\" \/>\n<meta property=\"article:modified_time\" content=\"2019-01-09T10:53:38+00:00\" \/>\n<meta property=\"og:image\" content=\"https:\/\/heimat-und-geschichtsverein-buxtehude.de\/wp-content\/uploads\/2018\/06\/20180530_210938.jpg\" \/>\n<meta name=\"twitter:card\" content=\"summary_large_image\" \/>\n<meta name=\"twitter:label1\" content=\"Gesch\u00e4tzte Lesezeit\" \/>\n\t<meta name=\"twitter:data1\" content=\"1\u00a0Minute\" \/>\n<script type=\"application\/ld+json\" class=\"yoast-schema-graph\">{\"@context\":\"https:\/\/schema.org\",\"@graph\":[{\"@type\":\"WebPage\",\"@id\":\"https:\/\/heimat-und-geschichtsverein-buxtehude.de\/?page_id=96\",\"url\":\"https:\/\/heimat-und-geschichtsverein-buxtehude.de\/?page_id=96\",\"name\":\"Der Verein - Heimat- und Geschichtsverein Buxtehude\",\"isPartOf\":{\"@id\":\"https:\/\/heimat-und-geschichtsverein-buxtehude.de\/#website\"},\"primaryImageOfPage\":{\"@id\":\"https:\/\/heimat-und-geschichtsverein-buxtehude.de\/?page_id=96#primaryimage\"},\"image\":{\"@id\":\"https:\/\/heimat-und-geschichtsverein-buxtehude.de\/?page_id=96#primaryimage\"},\"thumbnailUrl\":\"https:\/\/heimat-und-geschichtsverein-buxtehude.de\/wp-content\/uploads\/2018\/06\/20180530_210938.jpg\",\"datePublished\":\"2018-02-26T16:39:09+00:00\",\"dateModified\":\"2019-01-09T10:53:38+00:00\",\"description\":\"Heimat- und Geschichtsverein Buxtehude, seit 1880. Wir k\u00fcmmern uns um die Erforschung der Stadt- und Regionalgeschichte, um Natur- und Landschaftsschutz und um unsere denkmalgesch\u00fctzten H\u00e4user.\",\"breadcrumb\":{\"@id\":\"https:\/\/heimat-und-geschichtsverein-buxtehude.de\/?page_id=96#breadcrumb\"},\"inLanguage\":\"de\",\"potentialAction\":[{\"@type\":\"ReadAction\",\"target\":[\"https:\/\/heimat-und-geschichtsverein-buxtehude.de\/?page_id=96\"]}]},{\"@type\":\"ImageObject\",\"inLanguage\":\"de\",\"@id\":\"https:\/\/heimat-und-geschichtsverein-buxtehude.de\/?page_id=96#primaryimage\",\"url\":\"https:\/\/heimat-und-geschichtsverein-buxtehude.de\/wp-content\/uploads\/2018\/06\/20180530_210938.jpg\",\"contentUrl\":\"https:\/\/heimat-und-geschichtsverein-buxtehude.de\/wp-content\/uploads\/2018\/06\/20180530_210938.jpg\",\"width\":512,\"height\":512},{\"@type\":\"BreadcrumbList\",\"@id\":\"https:\/\/heimat-und-geschichtsverein-buxtehude.de\/?page_id=96#breadcrumb\",\"itemListElement\":[{\"@type\":\"ListItem\",\"position\":1,\"name\":\"Startseite\",\"item\":\"https:\/\/heimat-und-geschichtsverein-buxtehude.de\/\"},{\"@type\":\"ListItem\",\"position\":2,\"name\":\"Der Verein\"}]},{\"@type\":\"WebSite\",\"@id\":\"https:\/\/heimat-und-geschichtsverein-buxtehude.de\/#website\",\"url\":\"https:\/\/heimat-und-geschichtsverein-buxtehude.de\/\",\"name\":\"Heimat- und Geschichtsverein Buxtehude\",\"description\":\"Heimatverein, Geschichtsverein, Buxtehude\",\"potentialAction\":[{\"@type\":\"SearchAction\",\"target\":{\"@type\":\"EntryPoint\",\"urlTemplate\":\"https:\/\/heimat-und-geschichtsverein-buxtehude.de\/?s={search_term_string}\"},\"query-input\":{\"@type\":\"PropertyValueSpecification\",\"valueRequired\":true,\"valueName\":\"search_term_string\"}}],\"inLanguage\":\"de\"}]}<\/script>\n<!-- \/ Yoast SEO plugin. -->","yoast_head_json":{"title":"Der Verein - Heimat- und Geschichtsverein Buxtehude","description":"Heimat- und Geschichtsverein Buxtehude, seit 1880. Wir k\u00fcmmern uns um die Erforschung der Stadt- und Regionalgeschichte, um Natur- und Landschaftsschutz und um unsere denkmalgesch\u00fctzten H\u00e4user.","robots":{"index":"index","follow":"follow","max-snippet":"max-snippet:-1","max-image-preview":"max-image-preview:large","max-video-preview":"max-video-preview:-1"},"canonical":"https:\/\/heimat-und-geschichtsverein-buxtehude.de\/?page_id=96","og_locale":"de_DE","og_type":"article","og_title":"Der Verein - Heimat- und Geschichtsverein Buxtehude","og_description":"Heimat- und Geschichtsverein Buxtehude, seit 1880. Wir k\u00fcmmern uns um die Erforschung der Stadt- und Regionalgeschichte, um Natur- und Landschaftsschutz und um unsere denkmalgesch\u00fctzten H\u00e4user.","og_url":"https:\/\/heimat-und-geschichtsverein-buxtehude.de\/?page_id=96","og_site_name":"Heimat- und Geschichtsverein Buxtehude","article_modified_time":"2019-01-09T10:53:38+00:00","og_image":[{"url":"https:\/\/heimat-und-geschichtsverein-buxtehude.de\/wp-content\/uploads\/2018\/06\/20180530_210938.jpg"}],"twitter_card":"summary_large_image","twitter_misc":{"Gesch\u00e4tzte Lesezeit":"1\u00a0Minute"},"schema":{"@context":"https:\/\/schema.org","@graph":[{"@type":"WebPage","@id":"https:\/\/heimat-und-geschichtsverein-buxtehude.de\/?page_id=96","url":"https:\/\/heimat-und-geschichtsverein-buxtehude.de\/?page_id=96","name":"Der Verein - Heimat- und Geschichtsverein Buxtehude","isPartOf":{"@id":"https:\/\/heimat-und-geschichtsverein-buxtehude.de\/#website"},"primaryImageOfPage":{"@id":"https:\/\/heimat-und-geschichtsverein-buxtehude.de\/?page_id=96#primaryimage"},"image":{"@id":"https:\/\/heimat-und-geschichtsverein-buxtehude.de\/?page_id=96#primaryimage"},"thumbnailUrl":"https:\/\/heimat-und-geschichtsverein-buxtehude.de\/wp-content\/uploads\/2018\/06\/20180530_210938.jpg","datePublished":"2018-02-26T16:39:09+00:00","dateModified":"2019-01-09T10:53:38+00:00","description":"Heimat- und Geschichtsverein Buxtehude, seit 1880. Wir k\u00fcmmern uns um die Erforschung der Stadt- und Regionalgeschichte, um Natur- und Landschaftsschutz und um unsere denkmalgesch\u00fctzten H\u00e4user.","breadcrumb":{"@id":"https:\/\/heimat-und-geschichtsverein-buxtehude.de\/?page_id=96#breadcrumb"},"inLanguage":"de","potentialAction":[{"@type":"ReadAction","target":["https:\/\/heimat-und-geschichtsverein-buxtehude.de\/?page_id=96"]}]},{"@type":"ImageObject","inLanguage":"de","@id":"https:\/\/heimat-und-geschichtsverein-buxtehude.de\/?page_id=96#primaryimage","url":"https:\/\/heimat-und-geschichtsverein-buxtehude.de\/wp-content\/uploads\/2018\/06\/20180530_210938.jpg","contentUrl":"https:\/\/heimat-und-geschichtsverein-buxtehude.de\/wp-content\/uploads\/2018\/06\/20180530_210938.jpg","width":512,"height":512},{"@type":"BreadcrumbList","@id":"https:\/\/heimat-und-geschichtsverein-buxtehude.de\/?page_id=96#breadcrumb","itemListElement":[{"@type":"ListItem","position":1,"name":"Startseite","item":"https:\/\/heimat-und-geschichtsverein-buxtehude.de\/"},{"@type":"ListItem","position":2,"name":"Der Verein"}]},{"@type":"WebSite","@id":"https:\/\/heimat-und-geschichtsverein-buxtehude.de\/#website","url":"https:\/\/heimat-und-geschichtsverein-buxtehude.de\/","name":"Heimat- und Geschichtsverein Buxtehude","description":"Heimatverein, Geschichtsverein, Buxtehude","potentialAction":[{"@type":"SearchAction","target":{"@type":"EntryPoint","urlTemplate":"https:\/\/heimat-und-geschichtsverein-buxtehude.de\/?s={search_term_string}"},"query-input":{"@type":"PropertyValueSpecification","valueRequired":true,"valueName":"search_term_string"}}],"inLanguage":"de"}]}},"_links":{"self":[{"href":"https:\/\/heimat-und-geschichtsverein-buxtehude.de\/index.php?rest_route=\/wp\/v2\/pages\/96"}],"collection":[{"href":"https:\/\/heimat-und-geschichtsverein-buxtehude.de\/index.php?rest_route=\/wp\/v2\/pages"}],"about":[{"href":"https:\/\/heimat-und-geschichtsverein-buxtehude.de\/index.php?rest_route=\/wp\/v2\/types\/page"}],"author":[{"embeddable":true,"href":"https:\/\/heimat-und-geschichtsverein-buxtehude.de\/index.php?rest_route=\/wp\/v2\/users\/1"}],"replies":[{"embeddable":true,"href":"https:\/\/heimat-und-geschichtsverein-buxtehude.de\/index.php?rest_route=%2Fwp%2Fv2%2Fcomments&post=96"}],"version-history":[{"count":13,"href":"https:\/\/heimat-und-geschichtsverein-buxtehude.de\/index.php?rest_route=\/wp\/v2\/pages\/96\/revisions"}],"predecessor-version":[{"id":1244,"href":"https:\/\/heimat-und-geschichtsverein-buxtehude.de\/index.php?rest_route=\/wp\/v2\/pages\/96\/revisions\/1244"}],"wp:attachment":[{"href":"https:\/\/heimat-und-geschichtsverein-buxtehude.de\/index.php?rest_route=%2Fwp%2Fv2%2Fmedia&parent=96"}],"curies":[{"name":"wp","href":"https:\/\/api.w.org\/{rel}","templated":true}]}}