{"id":920,"date":"2018-03-15T16:30:42","date_gmt":"2018-03-15T16:30:42","guid":{"rendered":"http:\/\/heimat-und-geschichtsverein-buxtehude.de\/?page_id=920"},"modified":"2020-11-07T17:33:25","modified_gmt":"2020-11-07T17:33:25","slug":"abthaus","status":"publish","type":"page","link":"https:\/\/heimat-und-geschichtsverein-buxtehude.de\/?page_id=920","title":{"rendered":"Abthaus"},"content":{"rendered":"<h1>Das Abthaus<\/h1>\n<p>Das Abthaus war urspr\u00fcnglich das Stadthaus der Erz\u00e4bte von Harsefeld. Bereits im Jahr 1399 hatte der Erzabt Gerlach Schulte das Grundst\u00fcck erworben. Als das darauf errichtete Haus im 17. Jahrhundert bauf\u00e4llig geworden war, lie\u00df Erzabt Paridon Korff 1625 ein neues Haus bauen, das in seiner Grundstruktur bis heute \u00fcberkommen ist. Nach der S\u00e4kularisation von 1648 war es in Privathand \u00fcbergegangen und wurde seit 1800 als Schankwirtschaft genutzt. Um das bedeutende Baudenkmal zu sichern, \u00fcbernahm der Heimatverein im Jahr 1973 das Haus. Seine Erhaltung war die erste restaurative Sanierung in Buxtehude und wurde vom Architektenb\u00fcro Frenzel+Frenzel durchgef\u00fchrt. Fachwerkh\u00f6lzer wurden zum Teil abgetragen und auf dem Zimmermannsplatz \u201enach alter V\u00e4tersitte\u201c restauriert. Der freigelegte Baugrund untersucht und fachgerecht tragf\u00e4hig saniert. Der originale Fu\u00dfboden wurde wiedergefunden (mit Abdr\u00fccken von Hundepfoten) und im Erdgeschoss eingebaut. Im Bereich der alten \u201eSchwarzen K\u00fcche\u201c wurde ein reich ornamentierter Schmuckbalken gefunden, mit der Inschrift \u201eParidon Korff\u201c, der wieder im Eingangsbereich im Fachwerk eingebunden wurde. Im Fassadenfachwerk fallen die Schnitzereien an den Konsolen mit Aposteln und das Eingangstor auf. Leider sind beide Objekte nicht dem Original identisch. Die Apostel sind Nachschnitzwerke vom Bildhauer Br\u00fcggemann aus Winsen. Das Tor ist ein Export vom Kirchenschiff Neuenhafen\/Cadenberge.<br \/>\nHeute ist das \u201eAbthaus\u201c ein beliebtes Restaurant in Buxtehude.<\/p>\nngg_shortcode_0_placeholder\n","protected":false},"excerpt":{"rendered":"<p>Das Abthaus Das Abthaus war urspr\u00fcnglich das Stadthaus der Erz\u00e4bte von Harsefeld. Bereits im Jahr 1399 hatte der Erzabt Gerlach Schulte das Grundst\u00fcck erworben. Als das darauf errichtete Haus im 17. Jahrhundert bauf\u00e4llig geworden war, lie\u00df Erzabt Paridon Korff 1625 ein neues Haus bauen, das in seiner Grundstruktur bis heute\u2026<\/p>\n<p> <a class=\"continue-reading-link\" href=\"https:\/\/heimat-und-geschichtsverein-buxtehude.de\/?page_id=920\"><span>Continue reading<\/span><i class=\"crycon-right-dir\"><\/i><\/a> <\/p>\n","protected":false},"author":1,"featured_media":0,"parent":0,"menu_order":0,"comment_status":"closed","ping_status":"closed","template":"","meta":{"ngg_post_thumbnail":0,"footnotes":""},"yoast_head":"<!-- This site is optimized with the Yoast SEO plugin v23.5 - https:\/\/yoast.com\/wordpress\/plugins\/seo\/ -->\n<title>Abthaus - Heimat- und Geschichtsverein Buxtehude<\/title>\n<meta name=\"robots\" content=\"index, follow, max-snippet:-1, max-image-preview:large, max-video-preview:-1\" \/>\n<link rel=\"canonical\" href=\"https:\/\/heimat-und-geschichtsverein-buxtehude.de\/?page_id=920\" \/>\n<meta property=\"og:locale\" content=\"de_DE\" \/>\n<meta property=\"og:type\" content=\"article\" \/>\n<meta property=\"og:title\" content=\"Abthaus - Heimat- und Geschichtsverein Buxtehude\" \/>\n<meta property=\"og:description\" content=\"Das Abthaus Das Abthaus war urspr\u00fcnglich das Stadthaus der Erz\u00e4bte von Harsefeld. Bereits im Jahr 1399 hatte der Erzabt Gerlach Schulte das Grundst\u00fcck erworben. Als das darauf errichtete Haus im 17. Jahrhundert bauf\u00e4llig geworden war, lie\u00df Erzabt Paridon Korff 1625 ein neues Haus bauen, das in seiner Grundstruktur bis heute\u2026 Continue reading\" \/>\n<meta property=\"og:url\" content=\"https:\/\/heimat-und-geschichtsverein-buxtehude.de\/?page_id=920\" \/>\n<meta property=\"og:site_name\" content=\"Heimat- und Geschichtsverein Buxtehude\" \/>\n<meta property=\"article:modified_time\" content=\"2020-11-07T17:33:25+00:00\" \/>\n<meta name=\"twitter:card\" content=\"summary_large_image\" \/>\n<meta name=\"twitter:label1\" content=\"Gesch\u00e4tzte Lesezeit\" \/>\n\t<meta name=\"twitter:data1\" content=\"1\u00a0Minute\" \/>\n<script type=\"application\/ld+json\" class=\"yoast-schema-graph\">{\"@context\":\"https:\/\/schema.org\",\"@graph\":[{\"@type\":\"WebPage\",\"@id\":\"https:\/\/heimat-und-geschichtsverein-buxtehude.de\/?page_id=920\",\"url\":\"https:\/\/heimat-und-geschichtsverein-buxtehude.de\/?page_id=920\",\"name\":\"Abthaus - Heimat- und Geschichtsverein Buxtehude\",\"isPartOf\":{\"@id\":\"https:\/\/heimat-und-geschichtsverein-buxtehude.de\/#website\"},\"datePublished\":\"2018-03-15T16:30:42+00:00\",\"dateModified\":\"2020-11-07T17:33:25+00:00\",\"breadcrumb\":{\"@id\":\"https:\/\/heimat-und-geschichtsverein-buxtehude.de\/?page_id=920#breadcrumb\"},\"inLanguage\":\"de\",\"potentialAction\":[{\"@type\":\"ReadAction\",\"target\":[\"https:\/\/heimat-und-geschichtsverein-buxtehude.de\/?page_id=920\"]}]},{\"@type\":\"BreadcrumbList\",\"@id\":\"https:\/\/heimat-und-geschichtsverein-buxtehude.de\/?page_id=920#breadcrumb\",\"itemListElement\":[{\"@type\":\"ListItem\",\"position\":1,\"name\":\"Startseite\",\"item\":\"https:\/\/heimat-und-geschichtsverein-buxtehude.de\/\"},{\"@type\":\"ListItem\",\"position\":2,\"name\":\"Abthaus\"}]},{\"@type\":\"WebSite\",\"@id\":\"https:\/\/heimat-und-geschichtsverein-buxtehude.de\/#website\",\"url\":\"https:\/\/heimat-und-geschichtsverein-buxtehude.de\/\",\"name\":\"Heimat- und Geschichtsverein Buxtehude\",\"description\":\"Heimatverein, Geschichtsverein, Buxtehude\",\"potentialAction\":[{\"@type\":\"SearchAction\",\"target\":{\"@type\":\"EntryPoint\",\"urlTemplate\":\"https:\/\/heimat-und-geschichtsverein-buxtehude.de\/?s={search_term_string}\"},\"query-input\":{\"@type\":\"PropertyValueSpecification\",\"valueRequired\":true,\"valueName\":\"search_term_string\"}}],\"inLanguage\":\"de\"}]}<\/script>\n<!-- \/ Yoast SEO plugin. -->","yoast_head_json":{"title":"Abthaus - Heimat- und Geschichtsverein Buxtehude","robots":{"index":"index","follow":"follow","max-snippet":"max-snippet:-1","max-image-preview":"max-image-preview:large","max-video-preview":"max-video-preview:-1"},"canonical":"https:\/\/heimat-und-geschichtsverein-buxtehude.de\/?page_id=920","og_locale":"de_DE","og_type":"article","og_title":"Abthaus - Heimat- und Geschichtsverein Buxtehude","og_description":"Das Abthaus Das Abthaus war urspr\u00fcnglich das Stadthaus der Erz\u00e4bte von Harsefeld. Bereits im Jahr 1399 hatte der Erzabt Gerlach Schulte das Grundst\u00fcck erworben. Als das darauf errichtete Haus im 17. Jahrhundert bauf\u00e4llig geworden war, lie\u00df Erzabt Paridon Korff 1625 ein neues Haus bauen, das in seiner Grundstruktur bis heute\u2026 Continue reading","og_url":"https:\/\/heimat-und-geschichtsverein-buxtehude.de\/?page_id=920","og_site_name":"Heimat- und Geschichtsverein Buxtehude","article_modified_time":"2020-11-07T17:33:25+00:00","twitter_card":"summary_large_image","twitter_misc":{"Gesch\u00e4tzte Lesezeit":"1\u00a0Minute"},"schema":{"@context":"https:\/\/schema.org","@graph":[{"@type":"WebPage","@id":"https:\/\/heimat-und-geschichtsverein-buxtehude.de\/?page_id=920","url":"https:\/\/heimat-und-geschichtsverein-buxtehude.de\/?page_id=920","name":"Abthaus - Heimat- und Geschichtsverein Buxtehude","isPartOf":{"@id":"https:\/\/heimat-und-geschichtsverein-buxtehude.de\/#website"},"datePublished":"2018-03-15T16:30:42+00:00","dateModified":"2020-11-07T17:33:25+00:00","breadcrumb":{"@id":"https:\/\/heimat-und-geschichtsverein-buxtehude.de\/?page_id=920#breadcrumb"},"inLanguage":"de","potentialAction":[{"@type":"ReadAction","target":["https:\/\/heimat-und-geschichtsverein-buxtehude.de\/?page_id=920"]}]},{"@type":"BreadcrumbList","@id":"https:\/\/heimat-und-geschichtsverein-buxtehude.de\/?page_id=920#breadcrumb","itemListElement":[{"@type":"ListItem","position":1,"name":"Startseite","item":"https:\/\/heimat-und-geschichtsverein-buxtehude.de\/"},{"@type":"ListItem","position":2,"name":"Abthaus"}]},{"@type":"WebSite","@id":"https:\/\/heimat-und-geschichtsverein-buxtehude.de\/#website","url":"https:\/\/heimat-und-geschichtsverein-buxtehude.de\/","name":"Heimat- und Geschichtsverein Buxtehude","description":"Heimatverein, Geschichtsverein, Buxtehude","potentialAction":[{"@type":"SearchAction","target":{"@type":"EntryPoint","urlTemplate":"https:\/\/heimat-und-geschichtsverein-buxtehude.de\/?s={search_term_string}"},"query-input":{"@type":"PropertyValueSpecification","valueRequired":true,"valueName":"search_term_string"}}],"inLanguage":"de"}]}},"_links":{"self":[{"href":"https:\/\/heimat-und-geschichtsverein-buxtehude.de\/index.php?rest_route=\/wp\/v2\/pages\/920"}],"collection":[{"href":"https:\/\/heimat-und-geschichtsverein-buxtehude.de\/index.php?rest_route=\/wp\/v2\/pages"}],"about":[{"href":"https:\/\/heimat-und-geschichtsverein-buxtehude.de\/index.php?rest_route=\/wp\/v2\/types\/page"}],"author":[{"embeddable":true,"href":"https:\/\/heimat-und-geschichtsverein-buxtehude.de\/index.php?rest_route=\/wp\/v2\/users\/1"}],"replies":[{"embeddable":true,"href":"https:\/\/heimat-und-geschichtsverein-buxtehude.de\/index.php?rest_route=%2Fwp%2Fv2%2Fcomments&post=920"}],"version-history":[{"count":10,"href":"https:\/\/heimat-und-geschichtsverein-buxtehude.de\/index.php?rest_route=\/wp\/v2\/pages\/920\/revisions"}],"predecessor-version":[{"id":1857,"href":"https:\/\/heimat-und-geschichtsverein-buxtehude.de\/index.php?rest_route=\/wp\/v2\/pages\/920\/revisions\/1857"}],"wp:attachment":[{"href":"https:\/\/heimat-und-geschichtsverein-buxtehude.de\/index.php?rest_route=%2Fwp%2Fv2%2Fmedia&parent=920"}],"curies":[{"name":"wp","href":"https:\/\/api.w.org\/{rel}","templated":true}]}}