{"id":462,"date":"2018-02-26T23:25:36","date_gmt":"2018-02-26T23:25:36","guid":{"rendered":"http:\/\/heimat-und-geschichtsverein-buxtehude.de\/?page_id=462"},"modified":"2020-11-07T17:25:24","modified_gmt":"2020-11-07T17:25:24","slug":"stavenort","status":"publish","type":"page","link":"https:\/\/heimat-und-geschichtsverein-buxtehude.de\/?page_id=462","title":{"rendered":"Stavenort"},"content":{"rendered":"<h1>Das Haus Stavenort 16<\/h1>\n<p>Der Stavenort wird 1575 erstmals erw\u00e4hnt. Der Name leitet sich von der in dieser Ecke<br \/>\nder Stadt, \u201e-ort\u201c, gelegenen Badestube, \u201eStave\u201c, ab. In diesem Winkel der Stadt befand<br \/>\nsich bis in die 1920er Jahre ein dichtbebautes G\u00e4ngeviertel mit kleinen Wohnungen f\u00fcr<br \/>\n\u00e4rmere Buxtehuder Familien. Der heutige Platz entstand durch den Abriss eines hier<br \/>\nbefindlichen H\u00e4userblocks im Jahre 1927. Als im Zuge der Altstadtsanierung Mitte der<br \/>\n1980er Jahre der Gesamtabriss drohte, setzte sich der Verein Haus Fischerstra\u00dfe 3 daf\u00fcr ein,<br \/>\ndie restlichen sechs Kleinh\u00e4user zu sanieren und in ihrer Struktur zu erhalten. Dadurch<br \/>\nentstand der heutige Stavenort. Das Haus Stavenort 16, ein zweigeschossiges Fachwerkhaus<br \/>\naus dem 16. Jh. mit vier kleinen Wohnungen, erwarb der Verein 1986 selbst und hat<br \/>\ndurch eine behutsame Sanierung das innere Gef\u00fcge, insbesondere den Grundriss, nahezu<br \/>\nunver\u00e4ndert erhalten. Das Geb\u00e4ude ist an die Hansestadt Buxtehude vermietet,<br \/>\ndie es der Kunstschule Buxtehude zur Nutzung \u00fcberl\u00e4sst.<br \/>\nWie das Haus Fischerstra\u00dfe 3 ging das Geb\u00e4ude 2002 ins Eigentum der Heimatvereins \u00fcber.<br \/>\nngg_shortcode_0_placeholder<\/p>\n","protected":false},"excerpt":{"rendered":"<p>Das Haus Stavenort 16 Der Stavenort wird 1575 erstmals erw\u00e4hnt. Der Name leitet sich von der in dieser Ecke der Stadt, \u201e-ort\u201c, gelegenen Badestube, \u201eStave\u201c, ab. In diesem Winkel der Stadt befand sich bis in die 1920er Jahre ein dichtbebautes G\u00e4ngeviertel mit kleinen Wohnungen f\u00fcr \u00e4rmere Buxtehuder Familien. Der heutige\u2026<\/p>\n<p> <a class=\"continue-reading-link\" href=\"https:\/\/heimat-und-geschichtsverein-buxtehude.de\/?page_id=462\"><span>Continue reading<\/span><i class=\"crycon-right-dir\"><\/i><\/a> <\/p>\n","protected":false},"author":1,"featured_media":0,"parent":0,"menu_order":0,"comment_status":"closed","ping_status":"closed","template":"","meta":{"ngg_post_thumbnail":0,"footnotes":""},"yoast_head":"<!-- This site is optimized with the Yoast SEO plugin v23.5 - https:\/\/yoast.com\/wordpress\/plugins\/seo\/ -->\n<title>Stavenort - Heimat- und Geschichtsverein Buxtehude<\/title>\n<meta name=\"robots\" content=\"index, follow, max-snippet:-1, max-image-preview:large, max-video-preview:-1\" \/>\n<link rel=\"canonical\" href=\"https:\/\/heimat-und-geschichtsverein-buxtehude.de\/?page_id=462\" \/>\n<meta property=\"og:locale\" content=\"de_DE\" \/>\n<meta property=\"og:type\" content=\"article\" \/>\n<meta property=\"og:title\" content=\"Stavenort - Heimat- und Geschichtsverein Buxtehude\" \/>\n<meta property=\"og:description\" content=\"Das Haus Stavenort 16 Der Stavenort wird 1575 erstmals erw\u00e4hnt. Der Name leitet sich von der in dieser Ecke der Stadt, \u201e-ort\u201c, gelegenen Badestube, \u201eStave\u201c, ab. In diesem Winkel der Stadt befand sich bis in die 1920er Jahre ein dichtbebautes G\u00e4ngeviertel mit kleinen Wohnungen f\u00fcr \u00e4rmere Buxtehuder Familien. Der heutige\u2026 Continue reading\" \/>\n<meta property=\"og:url\" content=\"https:\/\/heimat-und-geschichtsverein-buxtehude.de\/?page_id=462\" \/>\n<meta property=\"og:site_name\" content=\"Heimat- und Geschichtsverein Buxtehude\" \/>\n<meta property=\"article:modified_time\" content=\"2020-11-07T17:25:24+00:00\" \/>\n<meta name=\"twitter:card\" content=\"summary_large_image\" \/>\n<meta name=\"twitter:label1\" content=\"Gesch\u00e4tzte Lesezeit\" \/>\n\t<meta name=\"twitter:data1\" content=\"1\u00a0Minute\" \/>\n<script type=\"application\/ld+json\" class=\"yoast-schema-graph\">{\"@context\":\"https:\/\/schema.org\",\"@graph\":[{\"@type\":\"WebPage\",\"@id\":\"https:\/\/heimat-und-geschichtsverein-buxtehude.de\/?page_id=462\",\"url\":\"https:\/\/heimat-und-geschichtsverein-buxtehude.de\/?page_id=462\",\"name\":\"Stavenort - Heimat- und Geschichtsverein Buxtehude\",\"isPartOf\":{\"@id\":\"https:\/\/heimat-und-geschichtsverein-buxtehude.de\/#website\"},\"datePublished\":\"2018-02-26T23:25:36+00:00\",\"dateModified\":\"2020-11-07T17:25:24+00:00\",\"breadcrumb\":{\"@id\":\"https:\/\/heimat-und-geschichtsverein-buxtehude.de\/?page_id=462#breadcrumb\"},\"inLanguage\":\"de\",\"potentialAction\":[{\"@type\":\"ReadAction\",\"target\":[\"https:\/\/heimat-und-geschichtsverein-buxtehude.de\/?page_id=462\"]}]},{\"@type\":\"BreadcrumbList\",\"@id\":\"https:\/\/heimat-und-geschichtsverein-buxtehude.de\/?page_id=462#breadcrumb\",\"itemListElement\":[{\"@type\":\"ListItem\",\"position\":1,\"name\":\"Startseite\",\"item\":\"https:\/\/heimat-und-geschichtsverein-buxtehude.de\/\"},{\"@type\":\"ListItem\",\"position\":2,\"name\":\"Stavenort\"}]},{\"@type\":\"WebSite\",\"@id\":\"https:\/\/heimat-und-geschichtsverein-buxtehude.de\/#website\",\"url\":\"https:\/\/heimat-und-geschichtsverein-buxtehude.de\/\",\"name\":\"Heimat- und Geschichtsverein Buxtehude\",\"description\":\"Heimatverein, Geschichtsverein, Buxtehude\",\"potentialAction\":[{\"@type\":\"SearchAction\",\"target\":{\"@type\":\"EntryPoint\",\"urlTemplate\":\"https:\/\/heimat-und-geschichtsverein-buxtehude.de\/?s={search_term_string}\"},\"query-input\":{\"@type\":\"PropertyValueSpecification\",\"valueRequired\":true,\"valueName\":\"search_term_string\"}}],\"inLanguage\":\"de\"}]}<\/script>\n<!-- \/ Yoast SEO plugin. -->","yoast_head_json":{"title":"Stavenort - Heimat- und Geschichtsverein Buxtehude","robots":{"index":"index","follow":"follow","max-snippet":"max-snippet:-1","max-image-preview":"max-image-preview:large","max-video-preview":"max-video-preview:-1"},"canonical":"https:\/\/heimat-und-geschichtsverein-buxtehude.de\/?page_id=462","og_locale":"de_DE","og_type":"article","og_title":"Stavenort - Heimat- und Geschichtsverein Buxtehude","og_description":"Das Haus Stavenort 16 Der Stavenort wird 1575 erstmals erw\u00e4hnt. Der Name leitet sich von der in dieser Ecke der Stadt, \u201e-ort\u201c, gelegenen Badestube, \u201eStave\u201c, ab. In diesem Winkel der Stadt befand sich bis in die 1920er Jahre ein dichtbebautes G\u00e4ngeviertel mit kleinen Wohnungen f\u00fcr \u00e4rmere Buxtehuder Familien. Der heutige\u2026 Continue reading","og_url":"https:\/\/heimat-und-geschichtsverein-buxtehude.de\/?page_id=462","og_site_name":"Heimat- und Geschichtsverein Buxtehude","article_modified_time":"2020-11-07T17:25:24+00:00","twitter_card":"summary_large_image","twitter_misc":{"Gesch\u00e4tzte Lesezeit":"1\u00a0Minute"},"schema":{"@context":"https:\/\/schema.org","@graph":[{"@type":"WebPage","@id":"https:\/\/heimat-und-geschichtsverein-buxtehude.de\/?page_id=462","url":"https:\/\/heimat-und-geschichtsverein-buxtehude.de\/?page_id=462","name":"Stavenort - Heimat- und Geschichtsverein Buxtehude","isPartOf":{"@id":"https:\/\/heimat-und-geschichtsverein-buxtehude.de\/#website"},"datePublished":"2018-02-26T23:25:36+00:00","dateModified":"2020-11-07T17:25:24+00:00","breadcrumb":{"@id":"https:\/\/heimat-und-geschichtsverein-buxtehude.de\/?page_id=462#breadcrumb"},"inLanguage":"de","potentialAction":[{"@type":"ReadAction","target":["https:\/\/heimat-und-geschichtsverein-buxtehude.de\/?page_id=462"]}]},{"@type":"BreadcrumbList","@id":"https:\/\/heimat-und-geschichtsverein-buxtehude.de\/?page_id=462#breadcrumb","itemListElement":[{"@type":"ListItem","position":1,"name":"Startseite","item":"https:\/\/heimat-und-geschichtsverein-buxtehude.de\/"},{"@type":"ListItem","position":2,"name":"Stavenort"}]},{"@type":"WebSite","@id":"https:\/\/heimat-und-geschichtsverein-buxtehude.de\/#website","url":"https:\/\/heimat-und-geschichtsverein-buxtehude.de\/","name":"Heimat- und Geschichtsverein Buxtehude","description":"Heimatverein, Geschichtsverein, Buxtehude","potentialAction":[{"@type":"SearchAction","target":{"@type":"EntryPoint","urlTemplate":"https:\/\/heimat-und-geschichtsverein-buxtehude.de\/?s={search_term_string}"},"query-input":{"@type":"PropertyValueSpecification","valueRequired":true,"valueName":"search_term_string"}}],"inLanguage":"de"}]}},"_links":{"self":[{"href":"https:\/\/heimat-und-geschichtsverein-buxtehude.de\/index.php?rest_route=\/wp\/v2\/pages\/462"}],"collection":[{"href":"https:\/\/heimat-und-geschichtsverein-buxtehude.de\/index.php?rest_route=\/wp\/v2\/pages"}],"about":[{"href":"https:\/\/heimat-und-geschichtsverein-buxtehude.de\/index.php?rest_route=\/wp\/v2\/types\/page"}],"author":[{"embeddable":true,"href":"https:\/\/heimat-und-geschichtsverein-buxtehude.de\/index.php?rest_route=\/wp\/v2\/users\/1"}],"replies":[{"embeddable":true,"href":"https:\/\/heimat-und-geschichtsverein-buxtehude.de\/index.php?rest_route=%2Fwp%2Fv2%2Fcomments&post=462"}],"version-history":[{"count":10,"href":"https:\/\/heimat-und-geschichtsverein-buxtehude.de\/index.php?rest_route=\/wp\/v2\/pages\/462\/revisions"}],"predecessor-version":[{"id":1847,"href":"https:\/\/heimat-und-geschichtsverein-buxtehude.de\/index.php?rest_route=\/wp\/v2\/pages\/462\/revisions\/1847"}],"wp:attachment":[{"href":"https:\/\/heimat-und-geschichtsverein-buxtehude.de\/index.php?rest_route=%2Fwp%2Fv2%2Fmedia&parent=462"}],"curies":[{"name":"wp","href":"https:\/\/api.w.org\/{rel}","templated":true}]}}