{"id":456,"date":"2018-02-26T23:18:10","date_gmt":"2018-02-26T23:18:10","guid":{"rendered":"http:\/\/heimat-und-geschichtsverein-buxtehude.de\/?page_id=456"},"modified":"2020-11-07T17:39:48","modified_gmt":"2020-11-07T17:39:48","slug":"fischerstrasse-3","status":"publish","type":"page","link":"https:\/\/heimat-und-geschichtsverein-buxtehude.de\/?page_id=456","title":{"rendered":"Fischerstra\u00dfe 3"},"content":{"rendered":"<h1>Das Haus Fischerstra\u00dfe 3<\/h1>\n<p>Das Geb\u00e4ude stammt aus dem 16. Jahrhundert, laut Jahreszahl am Giebel 1553 erbaut. Es ist eines der \u00e4ltesten und sch\u00f6nsten Fachwerkh\u00e4user in der Buxtehuder Altstadt. Die Vorbesitzer waren \u00fcberwiegend Fuhrleute. Durch die Initiative des Stadtdirektors Wilhelm Albrecht und die Gr\u00fcndung des Vereins \u201eHaus Fischerstra\u00dfe 3\u201c konnte das Bauwerk gr\u00fcndlich restaurativ saniert werden. Um die notwendige Infrastruktur f\u00fcr einen Restaurantbetrieb unterzubringen, musste eine Nach-Unterkellerung erfolgen. Hierf\u00fcr musste das ganze Geb\u00e4ude (Fachwerk) gesichert und mittels Hydraulik-Pressen angehoben werden. F\u00fcr die Sanierung der Geb\u00e4udestruktur wurde das Architektenteam Frenzel&amp;Frenzel, unterst\u00fctzt von Prof. Dr. Heinz Meyer-Bruck, beauftragt. Das Eingangstor, die Fenster und Innentreppen sind Neukonstruktionen. Ma\u00dfe und Formsprache entsprechen historischen Anregungen. 1979 war das Geb\u00e4ude wieder erstellt und als Restaurant \u201eAltstadtstuben\u201c eingeweiht.<br \/>\nDurch die Verschmelzung des Vereins Haus Fischerstra\u00dfe 3 mit dem Heimatverein im Jahr 2002 ist das Haus in dessen Eigentum \u00fcbergegangen, und wird daher heute denkmalpflegerisch vom Heimat- und Geschichtsverein Buxtehude e. V. betreut.<\/p>\nngg_shortcode_0_placeholder\n","protected":false},"excerpt":{"rendered":"<p>Das Haus Fischerstra\u00dfe 3 Das Geb\u00e4ude stammt aus dem 16. Jahrhundert, laut Jahreszahl am Giebel 1553 erbaut. Es ist eines der \u00e4ltesten und sch\u00f6nsten Fachwerkh\u00e4user in der Buxtehuder Altstadt. Die Vorbesitzer waren \u00fcberwiegend Fuhrleute. Durch die Initiative des Stadtdirektors Wilhelm Albrecht und die Gr\u00fcndung des Vereins \u201eHaus Fischerstra\u00dfe 3\u201c konnte\u2026<\/p>\n<p> <a class=\"continue-reading-link\" href=\"https:\/\/heimat-und-geschichtsverein-buxtehude.de\/?page_id=456\"><span>Continue reading<\/span><i class=\"crycon-right-dir\"><\/i><\/a> <\/p>\n","protected":false},"author":1,"featured_media":0,"parent":0,"menu_order":0,"comment_status":"closed","ping_status":"closed","template":"","meta":{"ngg_post_thumbnail":0,"footnotes":""},"yoast_head":"<!-- This site is optimized with the Yoast SEO plugin v23.5 - https:\/\/yoast.com\/wordpress\/plugins\/seo\/ -->\n<title>Fischerstra\u00dfe 3 - Heimat- und Geschichtsverein Buxtehude<\/title>\n<meta name=\"robots\" content=\"index, follow, max-snippet:-1, max-image-preview:large, max-video-preview:-1\" \/>\n<link rel=\"canonical\" href=\"https:\/\/heimat-und-geschichtsverein-buxtehude.de\/?page_id=456\" \/>\n<meta property=\"og:locale\" content=\"de_DE\" \/>\n<meta property=\"og:type\" content=\"article\" \/>\n<meta property=\"og:title\" content=\"Fischerstra\u00dfe 3 - Heimat- und Geschichtsverein Buxtehude\" \/>\n<meta property=\"og:description\" content=\"Das Haus Fischerstra\u00dfe 3 Das Geb\u00e4ude stammt aus dem 16. Jahrhundert, laut Jahreszahl am Giebel 1553 erbaut. Es ist eines der \u00e4ltesten und sch\u00f6nsten Fachwerkh\u00e4user in der Buxtehuder Altstadt. Die Vorbesitzer waren \u00fcberwiegend Fuhrleute. Durch die Initiative des Stadtdirektors Wilhelm Albrecht und die Gr\u00fcndung des Vereins \u201eHaus Fischerstra\u00dfe 3\u201c konnte\u2026 Continue reading\" \/>\n<meta property=\"og:url\" content=\"https:\/\/heimat-und-geschichtsverein-buxtehude.de\/?page_id=456\" \/>\n<meta property=\"og:site_name\" content=\"Heimat- und Geschichtsverein Buxtehude\" \/>\n<meta property=\"article:modified_time\" content=\"2020-11-07T17:39:48+00:00\" \/>\n<meta name=\"twitter:card\" content=\"summary_large_image\" \/>\n<meta name=\"twitter:label1\" content=\"Gesch\u00e4tzte Lesezeit\" \/>\n\t<meta name=\"twitter:data1\" content=\"1\u00a0Minute\" \/>\n<script type=\"application\/ld+json\" class=\"yoast-schema-graph\">{\"@context\":\"https:\/\/schema.org\",\"@graph\":[{\"@type\":\"WebPage\",\"@id\":\"https:\/\/heimat-und-geschichtsverein-buxtehude.de\/?page_id=456\",\"url\":\"https:\/\/heimat-und-geschichtsverein-buxtehude.de\/?page_id=456\",\"name\":\"Fischerstra\u00dfe 3 - Heimat- und Geschichtsverein Buxtehude\",\"isPartOf\":{\"@id\":\"https:\/\/heimat-und-geschichtsverein-buxtehude.de\/#website\"},\"datePublished\":\"2018-02-26T23:18:10+00:00\",\"dateModified\":\"2020-11-07T17:39:48+00:00\",\"breadcrumb\":{\"@id\":\"https:\/\/heimat-und-geschichtsverein-buxtehude.de\/?page_id=456#breadcrumb\"},\"inLanguage\":\"de\",\"potentialAction\":[{\"@type\":\"ReadAction\",\"target\":[\"https:\/\/heimat-und-geschichtsverein-buxtehude.de\/?page_id=456\"]}]},{\"@type\":\"BreadcrumbList\",\"@id\":\"https:\/\/heimat-und-geschichtsverein-buxtehude.de\/?page_id=456#breadcrumb\",\"itemListElement\":[{\"@type\":\"ListItem\",\"position\":1,\"name\":\"Startseite\",\"item\":\"https:\/\/heimat-und-geschichtsverein-buxtehude.de\/\"},{\"@type\":\"ListItem\",\"position\":2,\"name\":\"Fischerstra\u00dfe 3\"}]},{\"@type\":\"WebSite\",\"@id\":\"https:\/\/heimat-und-geschichtsverein-buxtehude.de\/#website\",\"url\":\"https:\/\/heimat-und-geschichtsverein-buxtehude.de\/\",\"name\":\"Heimat- und Geschichtsverein Buxtehude\",\"description\":\"Heimatverein, Geschichtsverein, Buxtehude\",\"potentialAction\":[{\"@type\":\"SearchAction\",\"target\":{\"@type\":\"EntryPoint\",\"urlTemplate\":\"https:\/\/heimat-und-geschichtsverein-buxtehude.de\/?s={search_term_string}\"},\"query-input\":{\"@type\":\"PropertyValueSpecification\",\"valueRequired\":true,\"valueName\":\"search_term_string\"}}],\"inLanguage\":\"de\"}]}<\/script>\n<!-- \/ Yoast SEO plugin. -->","yoast_head_json":{"title":"Fischerstra\u00dfe 3 - Heimat- und Geschichtsverein Buxtehude","robots":{"index":"index","follow":"follow","max-snippet":"max-snippet:-1","max-image-preview":"max-image-preview:large","max-video-preview":"max-video-preview:-1"},"canonical":"https:\/\/heimat-und-geschichtsverein-buxtehude.de\/?page_id=456","og_locale":"de_DE","og_type":"article","og_title":"Fischerstra\u00dfe 3 - Heimat- und Geschichtsverein Buxtehude","og_description":"Das Haus Fischerstra\u00dfe 3 Das Geb\u00e4ude stammt aus dem 16. Jahrhundert, laut Jahreszahl am Giebel 1553 erbaut. Es ist eines der \u00e4ltesten und sch\u00f6nsten Fachwerkh\u00e4user in der Buxtehuder Altstadt. Die Vorbesitzer waren \u00fcberwiegend Fuhrleute. Durch die Initiative des Stadtdirektors Wilhelm Albrecht und die Gr\u00fcndung des Vereins \u201eHaus Fischerstra\u00dfe 3\u201c konnte\u2026 Continue reading","og_url":"https:\/\/heimat-und-geschichtsverein-buxtehude.de\/?page_id=456","og_site_name":"Heimat- und Geschichtsverein Buxtehude","article_modified_time":"2020-11-07T17:39:48+00:00","twitter_card":"summary_large_image","twitter_misc":{"Gesch\u00e4tzte Lesezeit":"1\u00a0Minute"},"schema":{"@context":"https:\/\/schema.org","@graph":[{"@type":"WebPage","@id":"https:\/\/heimat-und-geschichtsverein-buxtehude.de\/?page_id=456","url":"https:\/\/heimat-und-geschichtsverein-buxtehude.de\/?page_id=456","name":"Fischerstra\u00dfe 3 - Heimat- und Geschichtsverein Buxtehude","isPartOf":{"@id":"https:\/\/heimat-und-geschichtsverein-buxtehude.de\/#website"},"datePublished":"2018-02-26T23:18:10+00:00","dateModified":"2020-11-07T17:39:48+00:00","breadcrumb":{"@id":"https:\/\/heimat-und-geschichtsverein-buxtehude.de\/?page_id=456#breadcrumb"},"inLanguage":"de","potentialAction":[{"@type":"ReadAction","target":["https:\/\/heimat-und-geschichtsverein-buxtehude.de\/?page_id=456"]}]},{"@type":"BreadcrumbList","@id":"https:\/\/heimat-und-geschichtsverein-buxtehude.de\/?page_id=456#breadcrumb","itemListElement":[{"@type":"ListItem","position":1,"name":"Startseite","item":"https:\/\/heimat-und-geschichtsverein-buxtehude.de\/"},{"@type":"ListItem","position":2,"name":"Fischerstra\u00dfe 3"}]},{"@type":"WebSite","@id":"https:\/\/heimat-und-geschichtsverein-buxtehude.de\/#website","url":"https:\/\/heimat-und-geschichtsverein-buxtehude.de\/","name":"Heimat- und Geschichtsverein Buxtehude","description":"Heimatverein, Geschichtsverein, Buxtehude","potentialAction":[{"@type":"SearchAction","target":{"@type":"EntryPoint","urlTemplate":"https:\/\/heimat-und-geschichtsverein-buxtehude.de\/?s={search_term_string}"},"query-input":{"@type":"PropertyValueSpecification","valueRequired":true,"valueName":"search_term_string"}}],"inLanguage":"de"}]}},"_links":{"self":[{"href":"https:\/\/heimat-und-geschichtsverein-buxtehude.de\/index.php?rest_route=\/wp\/v2\/pages\/456"}],"collection":[{"href":"https:\/\/heimat-und-geschichtsverein-buxtehude.de\/index.php?rest_route=\/wp\/v2\/pages"}],"about":[{"href":"https:\/\/heimat-und-geschichtsverein-buxtehude.de\/index.php?rest_route=\/wp\/v2\/types\/page"}],"author":[{"embeddable":true,"href":"https:\/\/heimat-und-geschichtsverein-buxtehude.de\/index.php?rest_route=\/wp\/v2\/users\/1"}],"replies":[{"embeddable":true,"href":"https:\/\/heimat-und-geschichtsverein-buxtehude.de\/index.php?rest_route=%2Fwp%2Fv2%2Fcomments&post=456"}],"version-history":[{"count":11,"href":"https:\/\/heimat-und-geschichtsverein-buxtehude.de\/index.php?rest_route=\/wp\/v2\/pages\/456\/revisions"}],"predecessor-version":[{"id":1864,"href":"https:\/\/heimat-und-geschichtsverein-buxtehude.de\/index.php?rest_route=\/wp\/v2\/pages\/456\/revisions\/1864"}],"wp:attachment":[{"href":"https:\/\/heimat-und-geschichtsverein-buxtehude.de\/index.php?rest_route=%2Fwp%2Fv2%2Fmedia&parent=456"}],"curies":[{"name":"wp","href":"https:\/\/api.w.org\/{rel}","templated":true}]}}