{"id":309,"date":"2018-02-26T20:38:35","date_gmt":"2018-02-26T20:38:35","guid":{"rendered":"http:\/\/heimat-und-geschichtsverein-buxtehude.de\/?page_id=309"},"modified":"2018-03-02T12:21:24","modified_gmt":"2018-03-02T12:21:24","slug":"dat-wettloopen","status":"publish","type":"page","link":"https:\/\/heimat-und-geschichtsverein-buxtehude.de\/?page_id=309","title":{"rendered":"Dat Wettloopen"},"content":{"rendered":"<h1>Dat Wettlopen twischen den Hasen un den Swinegel up de l\u00fctje Heide bi Buxtehude<\/h1>\n<p style=\"text-align: right;\">vun Wilhelm Schr\u00f6der<br \/>\n<a href=\"http:\/\/heimat-und-geschichtsverein-buxtehude.de\/?page_id=228\">\u25ba Hier geht es zur hochdeutschen Version des M\u00e4rchens<\/a><\/p>\n<p><em>1840 geev Willem Schr\u00f6der, de 1808 in Ollend\u00f6rp (Oldendorf) bi Stood (Stade) op de Welt keem, in&#8216; &#8222;Hannoverschen Volksblatt&#8220; to&#8217;n iersten Mool dat nedderd\u00fc\u00fctsche Vertell&#8217;n &#8222;Dat Wettlopen twischen den Hasen un den Swinegel up de l\u00fctje Haide bi Buxtehude&#8220; rut. He hett disse &#8211; l\u00f6genhaftige! &#8211; Geschicht, de al in&#8217;t 17. Johrhunnert bekannt w\u00fc\u00fcr, in Bexh\u00f6vede (bi dat h\u00fc\u00fctige Bremerhaven &#8211; dor w\u00fc\u00fcr sien Grootvadder, de Amtsvogt Willem Krone, to Huus) in&#8216; D\u00f6rpskroog von een olen J\u00e4gersmann h\u00fc\u00fcrt. Ok de Paster in&#8217;t D\u00f6rp schall se em vertellt hebben. Den Wettloop hett he ober &#8211; keeneen weet wor\u00fcm &#8211; no Buxtuud verleggt.<br \/>\n1843 w\u00fc\u00fcr de Geschicht \u00fcnner Nummer 187 vun de Breuder Jakob un Wilhelm Grimm in ehr Sammeln &#8222;Kinner- un Huusvertell&#8217;n&#8220;, 5. Oploog, opnohmen.<\/em><\/p>\n<p>Disse Geschicht is l\u00f6genhaft to vertellen, Jungens, aver wahr is se doch! Denn mien Grootvader, van den ick se hew, plegg j\u00fcmmer, wenn he se mi v\u00f6rt\u00fcerde, dabi to seggen: &#8222;Wahr mutt se doch sien, mien S\u00f6hn, anners kunn man se jo nich vertellen!&#8220;<br \/>\nDe Geschicht hett sick awer so todragen:<br \/>\n[ezcol_4fifth] Et w\u00f6or an eenen sch\u00f6nen S\u00fcndagmorgen, to&#8217;r Harvsttiet, j\u00fcst as de Bookweeten bloihde. De S\u00fcnn w\u00f6or hellig upgaen am Hewen, de Morgenwind g\u00fcng warm \u00f6wer de Stoppeln, de Larken s\u00fcngen inn&#8217;r Lucht, de Immen sumsten in den Bookweeten, un de L\u00fchde g\u00fcngen in ehren S\u00fcndagsstaht nah&#8217;r Karken, un alle Kreatur w\u00f6or vergn\u00f6gt, un de Swinegel ook.<br \/>\nDe Swinegel aver st\u00fcnd v\u00f6r siener D\u00f6hr, harr de Arm \u00fcnnerslagen, keek dabi in den Morgenwind hinut un quinkeleer&#8217;de en l\u00fctjet Leedken v\u00f6r sick hin, so good un so slecht, as nu eben am leewen S\u00fcndagmorgen en Swinegel to singen pleggt. Indem he nu noch so half liese v\u00f6r sick hin sung, f\u00fcll em op eenmal in, he k\u00fcnn ook wol, mittlerwiel siene Fro de Kinner w\u00fcsch un antr\u00f6cke, en beeten in&#8217;t Feld spazeeren un tosehn, wie siene St\u00e4hkr\u00f6wen st\u00fcnden.<img loading=\"lazy\" decoding=\"async\" class=\"alignleft size-full wp-image-306\" src=\"http:\/\/heimat-und-geschichtsverein-buxtehude.de\/wp-content\/uploads\/2018\/02\/hui.jpg\" alt=\"\" width=\"150\" height=\"199\" srcset=\"https:\/\/heimat-und-geschichtsverein-buxtehude.de\/wp-content\/uploads\/2018\/02\/hui.jpg 150w, https:\/\/heimat-und-geschichtsverein-buxtehude.de\/wp-content\/uploads\/2018\/02\/hui-113x150.jpg 113w\" sizes=\"(max-width: 150px) 100vw, 150px\" \/><\/p>\n<p>De St\u00e4hkr\u00f6wen w\u00f6oren aver de n\u00f6chsten bi sienem Huuse, un he pleggte mit siener Familie davon to eten, dar\u00fcm sahg&#8216; he se as de sienigen an. Gesagt, gedahn. De Swinegel makde de Huusd\u00f6or achter sick to un sl\u00f6g den Weg nah&#8217;n Felde in. He w\u00f6or noch nich gans wiet von Huuse un wull j\u00fcst \u00fcm den St\u00fchbusch, de dar v\u00f6r&#8217;m Felde liggt, nah den St\u00e4hkr\u00f6wen-Acker hinupdreien, as em de Haas&#8216; bem\u00f6tt, de in \u00e4hnlichen Gesch\u00e4ften uutgahn w\u00f6or, n\u00e4mlich um sienen Kohl to besehen. As de Swinegel den Haasen ansichtig w\u00f6or, so b\u00f6hd&#8216; he em en fr\u00fcndlichen &#8222;Go&#8217;n Morgen!&#8220; De Haas&#8216; aver, de up siene Wies&#8216; en v\u00f6rnehmer Herr was un grausahm hochfahrtig dabi, antwoorde nicks up den Swinegel sienen Gruh\u00df, sondern seggte to&#8217;m Swinegel, wobi he en gewaltig h\u00f6hnische Miene ann\u00f6hm: &#8222;Wie kummt et denn, datt du hier all bi so fr\u00f6hem Morgen im Felde ruml\u00f6ppst?&#8220;<br \/>\n&#8222;Ick gah spazeeren&#8220;, seggt&#8216; de Swinegel.<br \/>\n&#8222;Spazeeren?&#8220; lachde de Haas&#8216;, &#8222;mi d\u00fccht&#8216;, du kunst de Been&#8216; ook wol to betern Dingen gebruuken!&#8220;<br \/>\nDisse Antwoord verdr\u00f6ot den Swinegel ungeheuer, denn alles kunn&#8216; he verdreegen, aver up siene Been&#8216; leet he nicks kommen, eben weil se von Natuhr scheef w\u00f6oren.<br \/>\n&#8222;Du bildst di wol in&#8220;, seggt&#8216; nu de Swinegel to&#8217;m Haasen, &#8222;as wenn du mit diene Been&#8216; mehr uutrichten kannst?&#8220;<br \/>\n&#8222;Dat denk ick&#8220;, seggt&#8216; de Haas&#8216;.<br \/>\n&#8222;Dat kummt up&#8217;n Vers\u00f6\u00f6k an&#8220;, meent&#8216; de Swinegel, &#8222;ick pareer, wenn wi in de Wett&#8216; loopt, ick loop&#8216; di v\u00f6rbi!&#8220;<br \/>\n&#8222;Dat is tu&#8217;m Lachen, du mit diene scheefen Been'&#8220;, seggt&#8216; de Haas&#8216;, &#8222;aver mienetwegen macht&#8216; sien, wenn du so \u00f6vergroote Lust hest. Wat gilt de Wett&#8216;?&#8220;<br \/>\n&#8222;En goldne Lujedor un&#8217;n Buddel Branwien&#8220;, seggt&#8216; de Swinegel.<br \/>\n&#8222;Angenahmen&#8220;, spr\u00f6\u00f6k de Haas&#8216;, &#8222;sla in, un denn kann&#8217;t gliek losgahn.&#8220;<br \/>\n&#8222;N\u00e4, so groote Ihl hett et nich&#8220;, meen de Swinegel, &#8222;ick b\u00fcn noch ganz n\u00fcchdern; eerst will ick to Huus gahn un en beeten fr\u00f6hst\u00fccken. In&#8217;ner halwen St\u00fcnd&#8216; b\u00fcn ick wedder hier up&#8217;n Platz.&#8220;<br \/>\nDamit g\u00fcng de Swinegel, denn de Haas&#8216; w\u00f6or et tofreden.<br \/>\n\u00dcnnerweges dachde de Swinegel bi sick: &#8222;De Haas&#8216; verlett sick up siene langen Been, aver ick will em wol kriegen; he is zwar en f\u00f6rnehm Herr, aver doch man&#8217;n dummen Keerl, un betahlen sall he doch!&#8220;<br \/>\nAs nu de Swinegel to Huuse ank\u00f6om, spr\u00f6ok he to sien Fro: &#8222;Fro, trekk di gau an, du must mit mi nah&#8217;n Felde hinuut!&#8220;<br \/>\n&#8222;Watt givt et denn?&#8220; seggt&#8216; sien Fro.<br \/>\n&#8222;Ick hew mit&#8217;n Haasen wett&#8217;t \u00fcm&#8217;n goldne Lujedor un&#8217;n Buddel Branwien, ick will mit em inne Wett lopen, un da salst du mit dabi sien.&#8220;<br \/>\n&#8222;O, mein Gott, Mann&#8220;, f\u00fcng nu den Swinegel sien Fro an to schreen, &#8222;b\u00fcst du nich klook, hest du denn ganz den Verstand verlaarnn? Wi kannst du mit den Haasen in de Wett lopen wollen?!&#8220;<br \/>\n&#8222;Holt dat Muul, Wief!&#8220; seggt&#8216; de Swinegel, &#8222;datt is mien Saak. Resonehr nich in M\u00e4nnergesch\u00e4fte. Marsch, trekk di an, un denn kumm mit!&#8220;<br \/>\nWat sull den Swinegel sien Fro maken, se mu\u00dft&#8216; wol folgen, se mugg nu wollen oder nich.<br \/>\nAs se nu mit enander \u00fcnnerwegs w\u00f6oren, spr\u00f6ok de Swinegel to sien Fro: &#8222;Nu pa\u00df up, watt ick seggen will. S\u00fchst du, up den langen Acker, dar w\u00fcll wi unsen Wettloop maken. De Haas&#8216; l\u00f6pt n\u00e4mlich in der eenen F\u00f6hr, un ick in&#8217;ner andern, un von baben fang&#8216; wi an to lopen. Nu hest du wieder nicks to dohn, as du stellst di hier \u00fcnnen in de F\u00f6hr, un wenn de Haas&#8216; up de andere Siet ankummt, so r\u00f6pst du em entgegen: &#8222;Ick b\u00fcn all hier!&#8220;<br \/>\nDamit w\u00f6or&#8217;n se bi den Acker anlangt; de Swinegel wiesde siener Fro ehren Platz an, un g\u00fcng nu den Acker hinup. As he baben ank\u00f6m, w\u00f6or de Haas&#8216; all da.<br \/>\n&#8222;Kann et losgahn?&#8220; seggt&#8216; de Haas&#8216;.<br \/>\n&#8222;Ja wol!&#8220; seggt&#8216; de Swinegel.<br \/>\n&#8222;Denn man to!&#8220; un damit stellde jeder sick in siene F\u00f6hr, de Haas&#8216; tellde: &#8222;Hahl Een! Hahl Twee! Hahl Dree!&#8220; un los g\u00fcng he wi en Stormwind, den Acker hindahl. De Swinegel aver l\u00f6p ungef\u00e4hr man dree Schritt, dann duhkde he sick dahl in de F\u00f6hr un blev ruhig sitten.<br \/>\nAs nu de Haas&#8216; in vullen Lopen \u00fcnnen am Acker ank\u00f6m, r\u00f6p em den Swinegel sien Fro entgegen: &#8222;Ick b\u00fcn all hier!&#8220; De Haas&#8216; stutzd&#8216; un verwunderde sick nich wenig; he meende nich anders, als et w\u00f6or de Swinegel s\u00fclvst, de em dat tor\u00f6p&#8216;; denn bekanntlich s\u00fcht den Swinegel sien Fro j\u00fcst so uut wi ehr Mann.<br \/>\nDe Haas&#8216; aver meende: &#8222;Datt geiht nich to mit rechten Dingen. Noch mal gelopen! Wedder \u00fcm!&#8220; Un fort g\u00fcng he wedder wi en Stormwind, datt em de Ohren am Koppe fl\u00f6gen. Den Swinegel sien Fro aver blev ruhig up ehrem Platze. As nu de Haas&#8216; baben ank\u00f6m, r\u00f6p em de Swinegel entgegen: &#8222;Ick b\u00fcn all hier!&#8220;<br \/>\nDe Haas&#8216; aver, ganz uuter sick v\u00f6r Ihwer, schreede: &#8222;Noch mal gelopen! Wedder \u00fcm!&#8220;<br \/>\n&#8222;Mi nich to slimm&#8220;, antwoorde de Swinegel, &#8222;mienetwegen noch so oft, as du Lust hest.&#8220;<br \/>\nSo l\u00f6p de Haas&#8216; noch dree un s\u00f6bentig mal, un de Swinegel h\u00f6hl et \u00fcmmer mit em ut.<br \/>\nJedes mal, wenn de Haas&#8216; \u00fcnnen oder baben ank\u00f6m, seggten de Swinegel oder sien Fro: &#8222;Ick b\u00fcn all hier!&#8220;<br \/>\nTum veer un s\u00f6bentigsten mal aver k\u00f6m de Haas&#8216; nich mehr to Ende. Midden am Acker st\u00f6rt&#8216; he to&#8217;r Eerde, datt Blohd fl\u00f6g em uut&#8217;n Halse, un he blev dodt up&#8217;n Platze.<br \/>\nDe Swinegel aver n\u00f6hm siene gewunnene Lujedor un den Buddel Branwien, r\u00f6p siene Fro uut de F\u00f6hr aff, un beide g\u00fcngen vergn\u00f6gt mit enanner nah Huus; un wenn se nich storben s\u00fcnd, lewt se noch.<br \/>\nSo begew et sick, datt up der Buxtehuder Heid de Swinegel den Haasen dodt lopen hett, un sied jener Tied hett et sick keen Haas&#8216; wedder infallen laten, mit&#8217;n Buxtehuder Swinegel in de Wett to lopen.<br \/>\nDe Lehre aver uut disser Geschicht is, eerstens, datt Keener, un wenn he sick ook noch so f\u00f6rnehm d\u00fccht, sick sall bikommen laten, \u00f6ver&#8217;n geringen Mann sick lustig to maken, un w\u00f6or&#8217;t ook man&#8217;n Swinegel; un tweetens, datt et gerahden is, wenn eener freet, datt he sick &#8217;ne Fro uut sienem Stande nimmt, un de j\u00fcst so uuts\u00fcht, as he s\u00fclwst. Wer also en Swinegel is, de mutt tosehn, datt siene Fro ook en Swinegel is, un so wieder! &#8211;<\/p>\n","protected":false},"excerpt":{"rendered":"<p>Dat Wettlopen twischen den Hasen un den Swinegel up de l\u00fctje Heide bi Buxtehude vun Wilhelm Schr\u00f6der \u25ba Hier geht es zur hochdeutschen Version des M\u00e4rchens 1840 geev Willem Schr\u00f6der, de 1808 in Ollend\u00f6rp (Oldendorf) bi Stood (Stade) op de Welt keem, in&#8216; &#8222;Hannoverschen Volksblatt&#8220; to&#8217;n iersten Mool dat nedderd\u00fc\u00fctsche\u2026<\/p>\n<p> <a class=\"continue-reading-link\" href=\"https:\/\/heimat-und-geschichtsverein-buxtehude.de\/?page_id=309\"><span>Continue reading<\/span><i class=\"crycon-right-dir\"><\/i><\/a> <\/p>\n","protected":false},"author":1,"featured_media":0,"parent":0,"menu_order":0,"comment_status":"closed","ping_status":"closed","template":"","meta":{"ngg_post_thumbnail":0,"footnotes":""},"yoast_head":"<!-- This site is optimized with the Yoast SEO plugin v23.5 - https:\/\/yoast.com\/wordpress\/plugins\/seo\/ -->\n<title>Dat Wettloopen - Heimat- und Geschichtsverein Buxtehude<\/title>\n<meta name=\"robots\" content=\"index, follow, max-snippet:-1, max-image-preview:large, max-video-preview:-1\" \/>\n<link rel=\"canonical\" href=\"https:\/\/heimat-und-geschichtsverein-buxtehude.de\/?page_id=309\" \/>\n<meta property=\"og:locale\" content=\"de_DE\" \/>\n<meta property=\"og:type\" content=\"article\" \/>\n<meta property=\"og:title\" content=\"Dat Wettloopen - Heimat- und Geschichtsverein Buxtehude\" \/>\n<meta property=\"og:description\" content=\"Dat Wettlopen twischen den Hasen un den Swinegel up de l\u00fctje Heide bi Buxtehude vun Wilhelm Schr\u00f6der \u25ba Hier geht es zur hochdeutschen Version des M\u00e4rchens 1840 geev Willem Schr\u00f6der, de 1808 in Ollend\u00f6rp (Oldendorf) bi Stood (Stade) op de Welt keem, in&#8216; &#8222;Hannoverschen Volksblatt&#8220; to&#8217;n iersten Mool dat nedderd\u00fc\u00fctsche\u2026 Continue reading\" \/>\n<meta property=\"og:url\" content=\"https:\/\/heimat-und-geschichtsverein-buxtehude.de\/?page_id=309\" \/>\n<meta property=\"og:site_name\" content=\"Heimat- und Geschichtsverein Buxtehude\" \/>\n<meta property=\"article:modified_time\" content=\"2018-03-02T12:21:24+00:00\" \/>\n<meta property=\"og:image\" content=\"http:\/\/heimat-und-geschichtsverein-buxtehude.de\/wp-content\/uploads\/2018\/02\/hui.jpg\" \/>\n<meta name=\"twitter:card\" content=\"summary_large_image\" \/>\n<meta name=\"twitter:label1\" content=\"Gesch\u00e4tzte Lesezeit\" \/>\n\t<meta name=\"twitter:data1\" content=\"8\u00a0Minuten\" \/>\n<script type=\"application\/ld+json\" class=\"yoast-schema-graph\">{\"@context\":\"https:\/\/schema.org\",\"@graph\":[{\"@type\":\"WebPage\",\"@id\":\"https:\/\/heimat-und-geschichtsverein-buxtehude.de\/?page_id=309\",\"url\":\"https:\/\/heimat-und-geschichtsverein-buxtehude.de\/?page_id=309\",\"name\":\"Dat Wettloopen - Heimat- und Geschichtsverein Buxtehude\",\"isPartOf\":{\"@id\":\"https:\/\/heimat-und-geschichtsverein-buxtehude.de\/#website\"},\"primaryImageOfPage\":{\"@id\":\"https:\/\/heimat-und-geschichtsverein-buxtehude.de\/?page_id=309#primaryimage\"},\"image\":{\"@id\":\"https:\/\/heimat-und-geschichtsverein-buxtehude.de\/?page_id=309#primaryimage\"},\"thumbnailUrl\":\"http:\/\/heimat-und-geschichtsverein-buxtehude.de\/wp-content\/uploads\/2018\/02\/hui.jpg\",\"datePublished\":\"2018-02-26T20:38:35+00:00\",\"dateModified\":\"2018-03-02T12:21:24+00:00\",\"breadcrumb\":{\"@id\":\"https:\/\/heimat-und-geschichtsverein-buxtehude.de\/?page_id=309#breadcrumb\"},\"inLanguage\":\"de\",\"potentialAction\":[{\"@type\":\"ReadAction\",\"target\":[\"https:\/\/heimat-und-geschichtsverein-buxtehude.de\/?page_id=309\"]}]},{\"@type\":\"ImageObject\",\"inLanguage\":\"de\",\"@id\":\"https:\/\/heimat-und-geschichtsverein-buxtehude.de\/?page_id=309#primaryimage\",\"url\":\"http:\/\/heimat-und-geschichtsverein-buxtehude.de\/wp-content\/uploads\/2018\/02\/hui.jpg\",\"contentUrl\":\"http:\/\/heimat-und-geschichtsverein-buxtehude.de\/wp-content\/uploads\/2018\/02\/hui.jpg\"},{\"@type\":\"BreadcrumbList\",\"@id\":\"https:\/\/heimat-und-geschichtsverein-buxtehude.de\/?page_id=309#breadcrumb\",\"itemListElement\":[{\"@type\":\"ListItem\",\"position\":1,\"name\":\"Startseite\",\"item\":\"https:\/\/heimat-und-geschichtsverein-buxtehude.de\/\"},{\"@type\":\"ListItem\",\"position\":2,\"name\":\"Dat Wettloopen\"}]},{\"@type\":\"WebSite\",\"@id\":\"https:\/\/heimat-und-geschichtsverein-buxtehude.de\/#website\",\"url\":\"https:\/\/heimat-und-geschichtsverein-buxtehude.de\/\",\"name\":\"Heimat- und Geschichtsverein Buxtehude\",\"description\":\"Heimatverein, Geschichtsverein, Buxtehude\",\"potentialAction\":[{\"@type\":\"SearchAction\",\"target\":{\"@type\":\"EntryPoint\",\"urlTemplate\":\"https:\/\/heimat-und-geschichtsverein-buxtehude.de\/?s={search_term_string}\"},\"query-input\":{\"@type\":\"PropertyValueSpecification\",\"valueRequired\":true,\"valueName\":\"search_term_string\"}}],\"inLanguage\":\"de\"}]}<\/script>\n<!-- \/ Yoast SEO plugin. -->","yoast_head_json":{"title":"Dat Wettloopen - Heimat- und Geschichtsverein Buxtehude","robots":{"index":"index","follow":"follow","max-snippet":"max-snippet:-1","max-image-preview":"max-image-preview:large","max-video-preview":"max-video-preview:-1"},"canonical":"https:\/\/heimat-und-geschichtsverein-buxtehude.de\/?page_id=309","og_locale":"de_DE","og_type":"article","og_title":"Dat Wettloopen - Heimat- und Geschichtsverein Buxtehude","og_description":"Dat Wettlopen twischen den Hasen un den Swinegel up de l\u00fctje Heide bi Buxtehude vun Wilhelm Schr\u00f6der \u25ba Hier geht es zur hochdeutschen Version des M\u00e4rchens 1840 geev Willem Schr\u00f6der, de 1808 in Ollend\u00f6rp (Oldendorf) bi Stood (Stade) op de Welt keem, in&#8216; &#8222;Hannoverschen Volksblatt&#8220; to&#8217;n iersten Mool dat nedderd\u00fc\u00fctsche\u2026 Continue reading","og_url":"https:\/\/heimat-und-geschichtsverein-buxtehude.de\/?page_id=309","og_site_name":"Heimat- und Geschichtsverein Buxtehude","article_modified_time":"2018-03-02T12:21:24+00:00","og_image":[{"url":"http:\/\/heimat-und-geschichtsverein-buxtehude.de\/wp-content\/uploads\/2018\/02\/hui.jpg"}],"twitter_card":"summary_large_image","twitter_misc":{"Gesch\u00e4tzte Lesezeit":"8\u00a0Minuten"},"schema":{"@context":"https:\/\/schema.org","@graph":[{"@type":"WebPage","@id":"https:\/\/heimat-und-geschichtsverein-buxtehude.de\/?page_id=309","url":"https:\/\/heimat-und-geschichtsverein-buxtehude.de\/?page_id=309","name":"Dat Wettloopen - Heimat- und Geschichtsverein Buxtehude","isPartOf":{"@id":"https:\/\/heimat-und-geschichtsverein-buxtehude.de\/#website"},"primaryImageOfPage":{"@id":"https:\/\/heimat-und-geschichtsverein-buxtehude.de\/?page_id=309#primaryimage"},"image":{"@id":"https:\/\/heimat-und-geschichtsverein-buxtehude.de\/?page_id=309#primaryimage"},"thumbnailUrl":"http:\/\/heimat-und-geschichtsverein-buxtehude.de\/wp-content\/uploads\/2018\/02\/hui.jpg","datePublished":"2018-02-26T20:38:35+00:00","dateModified":"2018-03-02T12:21:24+00:00","breadcrumb":{"@id":"https:\/\/heimat-und-geschichtsverein-buxtehude.de\/?page_id=309#breadcrumb"},"inLanguage":"de","potentialAction":[{"@type":"ReadAction","target":["https:\/\/heimat-und-geschichtsverein-buxtehude.de\/?page_id=309"]}]},{"@type":"ImageObject","inLanguage":"de","@id":"https:\/\/heimat-und-geschichtsverein-buxtehude.de\/?page_id=309#primaryimage","url":"http:\/\/heimat-und-geschichtsverein-buxtehude.de\/wp-content\/uploads\/2018\/02\/hui.jpg","contentUrl":"http:\/\/heimat-und-geschichtsverein-buxtehude.de\/wp-content\/uploads\/2018\/02\/hui.jpg"},{"@type":"BreadcrumbList","@id":"https:\/\/heimat-und-geschichtsverein-buxtehude.de\/?page_id=309#breadcrumb","itemListElement":[{"@type":"ListItem","position":1,"name":"Startseite","item":"https:\/\/heimat-und-geschichtsverein-buxtehude.de\/"},{"@type":"ListItem","position":2,"name":"Dat Wettloopen"}]},{"@type":"WebSite","@id":"https:\/\/heimat-und-geschichtsverein-buxtehude.de\/#website","url":"https:\/\/heimat-und-geschichtsverein-buxtehude.de\/","name":"Heimat- und Geschichtsverein Buxtehude","description":"Heimatverein, Geschichtsverein, Buxtehude","potentialAction":[{"@type":"SearchAction","target":{"@type":"EntryPoint","urlTemplate":"https:\/\/heimat-und-geschichtsverein-buxtehude.de\/?s={search_term_string}"},"query-input":{"@type":"PropertyValueSpecification","valueRequired":true,"valueName":"search_term_string"}}],"inLanguage":"de"}]}},"_links":{"self":[{"href":"https:\/\/heimat-und-geschichtsverein-buxtehude.de\/index.php?rest_route=\/wp\/v2\/pages\/309"}],"collection":[{"href":"https:\/\/heimat-und-geschichtsverein-buxtehude.de\/index.php?rest_route=\/wp\/v2\/pages"}],"about":[{"href":"https:\/\/heimat-und-geschichtsverein-buxtehude.de\/index.php?rest_route=\/wp\/v2\/types\/page"}],"author":[{"embeddable":true,"href":"https:\/\/heimat-und-geschichtsverein-buxtehude.de\/index.php?rest_route=\/wp\/v2\/users\/1"}],"replies":[{"embeddable":true,"href":"https:\/\/heimat-und-geschichtsverein-buxtehude.de\/index.php?rest_route=%2Fwp%2Fv2%2Fcomments&post=309"}],"version-history":[{"count":6,"href":"https:\/\/heimat-und-geschichtsverein-buxtehude.de\/index.php?rest_route=\/wp\/v2\/pages\/309\/revisions"}],"predecessor-version":[{"id":316,"href":"https:\/\/heimat-und-geschichtsverein-buxtehude.de\/index.php?rest_route=\/wp\/v2\/pages\/309\/revisions\/316"}],"wp:attachment":[{"href":"https:\/\/heimat-und-geschichtsverein-buxtehude.de\/index.php?rest_route=%2Fwp%2Fv2%2Fmedia&parent=309"}],"curies":[{"name":"wp","href":"https:\/\/api.w.org\/{rel}","templated":true}]}}