{"id":1996,"date":"2021-12-01T13:14:23","date_gmt":"2021-12-01T13:14:23","guid":{"rendered":"https:\/\/heimat-und-geschichtsverein-buxtehude.de\/?page_id=1996"},"modified":"2024-05-27T14:32:00","modified_gmt":"2024-05-27T14:32:00","slug":"bibliotheken","status":"publish","type":"page","link":"https:\/\/heimat-und-geschichtsverein-buxtehude.de\/?page_id=1996","title":{"rendered":"Bibliotheken"},"content":{"rendered":"<h1>Bibliotheken des Heimat- und Geschichtsvereins Buxtehude e.V.<\/h1>\n<p>Der Heimat- und Geschichtsverein Buxtehude e. V. besteht seit \u00fcber 140 Jahren. Vom \u201eVerein zur Gr\u00fcndung einer st\u00e4dtischen kunsthistorischen und kunstgewerblichen Sammlung\u201c aus dem Jahr 1880, dem \u201eMuseums-Verein\u201c von 1907, dem \u201eHeimatverein Buxtehude e. V.\u201c von 1938 \u00fcber den \u201eHeimatverein Buxtehude Haus Fischerstra\u00dfe 3 e. V.\u201c von 2002 hat der seit 2017 unter neuem Namen und Satzung neu aufgestellte Verein mit H\u00f6hen und Tiefen eine wechselvolle Geschichte durchlaufen.<br \/>\nVon Beginn an hat der Verein auch B\u00fccher gesammelt. Im Haus Stavenort 25 werden die niederdeutschen Best\u00e4nde in Form einer Pr\u00e4senzbibliothek der \u00d6ffentlichkeit zur Verf\u00fcgung gestellt.<\/p>\n<h4>1. Die Johann Diedrich Bellmann-Bibliothek<\/h4>\n<p>Johann Diedrich Bellmann (1930\u20132006) gilt allgemein als einer der bedeutendsten Autoren der niederdeutschen Gegenwartsliteratur.<br \/>\nAus Verbundenheit zum Buxtehuder Heimat- und Geschichtsverein hat er seine Bibliothek testamentarisch dem Verein vermacht.<br \/>\nSeit September 2021 wird diese Bibliothek in Zusammenarbeit mit dem Landschaftsverband Stade im Haus Stavenort 25 aufgebaut. Sie umfasst rund 2.500 B\u00e4nde.<\/p>\n<h4>2. Die Niederdeutsche Bibliothek des Heimat- und Geschichtsvereins Buxtehude e.V.<\/h4>\n<p>Die im Zuge der Museumst\u00e4tigkeit des Vereins entstandene Fachbibliothek ist in die Obhut des 1992 er\u00f6ffneten Buxtehude Museums \u00fcbergeben und wird dort aufbewahrt. Der niederdeutsche Anteil dieser Bibliothek wird im Haus Stavenort 25 aufgestellt, wo er die Bellmann-Bibliothek erg\u00e4nzt.<\/p>\n<h1>Beukereen von \u00b4n Heimot- un Geschichtsvereen Buxthu e.V.<\/h1>\n<p>De Heimot- un Geschichtsvereen Buxthu e. V. besteiht siet \u00f6ver 140 Johren. Von den \u201eVereen to dat Gr\u00fcnnen von een st\u00e4dtischen kunsthistorischen und kunstgewerblichen Sammeln\u201c ut dat Johr 1880, den \u201eMuseums-Vereen\u201c von 1907, den \u201eHeimotvereen Buxthu e. V.\u201c von 1938 \u00f6ver den Heimotvereen Buxthu Huus Fischerstroot 3 e. V.\u201c von 2002 hett de Vereen een wesselfulle Geschichte achter sik. 2017 hett he sik een nee Satzung geven un l\u00f6ppt nu \u00fcnner den Nomen \u201eHeimot- un Geschichtsvereen Buxthu e. V.\u201c. Von Anfang an hett de Vereen ok Beuker sammelt. In de Bellmann-Beukeree stoht nu de plattd\u00fc\u00fctschen Best\u00e4nnen f\u00f6r de \u00d6ffentlichkeit to \u00b4n Lesen an Oort un Steed proot.<\/p>\n<h4>1. De Johann Diedrich Bellmann-Beukeree<\/h4>\n<p>Johann Diedrich Bellmann (1930-2006)&nbsp; tellt to de bed\u00fcdensten Schrieversl\u00fc\u00fcd von de nedderd\u00fc\u00fctsche Gegenwartsliteratuur. Sien Schrievwark besteiht ut vele Vertellen, Gedichten, H\u00f6\u00f6rspelen un Theoterst\u00fccken.<br \/>\nDe studierte Germanist un Theologe hett af 1960 as Schoolmeester in Hamborg un Heide arbeid. 1973 g\u00fcng he as Dozent an de Theologische Akademie in Celle-Hermannsborg. Tohoop mit anner L\u00fc\u00fcd hett he 1978 dat Fachblatt \u201eDe Kennung \u2013 Zeitschrift f\u00fcr plattdeutsche Gemeindearbeit\u201c gr\u00fcnnt un w\u00f6\u00f6r as Rutgever un Redakteur dorbi. Ok dat plattd\u00fc\u00fctsche Gesangbook \u201eDor kummt een Schipp\u201c hett he rutgeven un een Barg Artikel to de nedderd\u00fc\u00fctsche Philologie un evangelische Theologie schreven.<br \/>\nF\u00f6r sien Schriefwark is Johann Diedrich Bellmann foken ehrt worrn. Ut Verbunnenheit mit den Heimot- un Geschichtsvereen hett he sien Privotbeukeree in sien Testament den Vereen vermokt. Se besteiht ut \u00f6ver 1300 Monographien un 50 Tietschriftentitel.<strong><strong>.&nbsp;<\/strong><\/strong><\/p>\n<h4>2. De Nedderd\u00fc\u00fctsche Beukeree von den Heimot- und Geschichtsvereen Buxthu e.V.<\/h4>\n<p>De Fachbeukeree, de fr\u00f6her bi de Museums-Arbeid von den Verein opboot worrn is, is an dat 1992 openmokt Buxthu Museum afgeven worrn un ward dor opbewohrt. De nedderd\u00fc\u00fctsche Andeel von disse Beukeree is nu in de Bellmann-Beukeree to finnen.<\/p>\n<p><a href=\"https:\/\/kxp.k10plus.de\/DB=9.1118\/?COOKIE=U999,K999,D9.1118,E38ecd8e2-10,I0,B9994++++++,SY,QDEF,A,H12,,73,,76-78,,88-90,NGAST,R84.167.121.103,FN\">Katalog der Johann Diedrich Bellmann-Bibliothek und Niederdeutsche Bibliothek des Heimat- und Geschichtsvereins Buxtehude e. V.<\/a><\/p>\n<p>Weitere plattdeutsche Literatur im Elbe-Weser-Dreieck:<br \/>\n&#8211; <a href=\"https:\/\/kxp.k10plus.de\/DB=2.931\/LNG=DU\/?COOKIE=U999,K999,D2.931,E38ecd8e2-10,I0,B9994++++++,SY,QDEF,A,H12,,73,,76-78,,88-90,NGAST,R91.38.100.105,FN&amp;COOKIE=U999,K999,D2.931,E38ecd8e2-10,I0,B9994++++++,SY,QDEF,A,H12,,73,,76-78,,88-90,NGAST,R84.167.123.87,FN&amp;COOKIE=U999,K999,D2.931,E38ecd8e2-10,I0,B9994++++++,SY,QDEF,A,H12,,73,,76-78,,88-90,NGAST,R79.201.238.227,FN\">Regionalkatalog Elbe-Weser-Dreieck<\/a><\/p>\n<p>&#8211; <a href=\"https:\/\/www.leseorte.de\/tag\/plattdeutsch\/\">LESEORTE-Bibliotheksportal Elbe-Weser-Dreieck<\/a><\/p>\n<p>&nbsp;<\/p>\n","protected":false},"excerpt":{"rendered":"<p>Bibliotheken des Heimat- und Geschichtsvereins Buxtehude e.V. Der Heimat- und Geschichtsverein Buxtehude e. V. besteht seit \u00fcber 140 Jahren. Vom \u201eVerein zur Gr\u00fcndung einer st\u00e4dtischen kunsthistorischen und kunstgewerblichen Sammlung\u201c aus dem Jahr 1880, dem \u201eMuseums-Verein\u201c von 1907, dem \u201eHeimatverein Buxtehude e. V.\u201c von 1938 \u00fcber den \u201eHeimatverein Buxtehude Haus Fischerstra\u00dfe\u2026<\/p>\n<p> <a class=\"continue-reading-link\" href=\"https:\/\/heimat-und-geschichtsverein-buxtehude.de\/?page_id=1996\"><span>Continue reading<\/span><i class=\"crycon-right-dir\"><\/i><\/a> <\/p>\n","protected":false},"author":1,"featured_media":0,"parent":0,"menu_order":0,"comment_status":"closed","ping_status":"closed","template":"","meta":{"ngg_post_thumbnail":0,"footnotes":""},"yoast_head":"<!-- This site is optimized with the Yoast SEO plugin v23.5 - https:\/\/yoast.com\/wordpress\/plugins\/seo\/ -->\n<title>Bibliotheken - Heimat- und Geschichtsverein Buxtehude<\/title>\n<meta name=\"robots\" content=\"index, follow, max-snippet:-1, max-image-preview:large, max-video-preview:-1\" \/>\n<link rel=\"canonical\" href=\"https:\/\/heimat-und-geschichtsverein-buxtehude.de\/?page_id=1996\" \/>\n<meta property=\"og:locale\" content=\"de_DE\" \/>\n<meta property=\"og:type\" content=\"article\" \/>\n<meta property=\"og:title\" content=\"Bibliotheken - Heimat- und Geschichtsverein Buxtehude\" \/>\n<meta property=\"og:description\" content=\"Bibliotheken des Heimat- und Geschichtsvereins Buxtehude e.V. Der Heimat- und Geschichtsverein Buxtehude e. V. besteht seit \u00fcber 140 Jahren. Vom \u201eVerein zur Gr\u00fcndung einer st\u00e4dtischen kunsthistorischen und kunstgewerblichen Sammlung\u201c aus dem Jahr 1880, dem \u201eMuseums-Verein\u201c von 1907, dem \u201eHeimatverein Buxtehude e. V.\u201c von 1938 \u00fcber den \u201eHeimatverein Buxtehude Haus Fischerstra\u00dfe\u2026 Continue reading\" \/>\n<meta property=\"og:url\" content=\"https:\/\/heimat-und-geschichtsverein-buxtehude.de\/?page_id=1996\" \/>\n<meta property=\"og:site_name\" content=\"Heimat- und Geschichtsverein Buxtehude\" \/>\n<meta property=\"article:modified_time\" content=\"2024-05-27T14:32:00+00:00\" \/>\n<meta name=\"twitter:card\" content=\"summary_large_image\" \/>\n<meta name=\"twitter:label1\" content=\"Gesch\u00e4tzte Lesezeit\" \/>\n\t<meta name=\"twitter:data1\" content=\"3\u00a0Minuten\" \/>\n<script type=\"application\/ld+json\" class=\"yoast-schema-graph\">{\"@context\":\"https:\/\/schema.org\",\"@graph\":[{\"@type\":\"WebPage\",\"@id\":\"https:\/\/heimat-und-geschichtsverein-buxtehude.de\/?page_id=1996\",\"url\":\"https:\/\/heimat-und-geschichtsverein-buxtehude.de\/?page_id=1996\",\"name\":\"Bibliotheken - Heimat- und Geschichtsverein Buxtehude\",\"isPartOf\":{\"@id\":\"https:\/\/heimat-und-geschichtsverein-buxtehude.de\/#website\"},\"datePublished\":\"2021-12-01T13:14:23+00:00\",\"dateModified\":\"2024-05-27T14:32:00+00:00\",\"breadcrumb\":{\"@id\":\"https:\/\/heimat-und-geschichtsverein-buxtehude.de\/?page_id=1996#breadcrumb\"},\"inLanguage\":\"de\",\"potentialAction\":[{\"@type\":\"ReadAction\",\"target\":[\"https:\/\/heimat-und-geschichtsverein-buxtehude.de\/?page_id=1996\"]}]},{\"@type\":\"BreadcrumbList\",\"@id\":\"https:\/\/heimat-und-geschichtsverein-buxtehude.de\/?page_id=1996#breadcrumb\",\"itemListElement\":[{\"@type\":\"ListItem\",\"position\":1,\"name\":\"Startseite\",\"item\":\"https:\/\/heimat-und-geschichtsverein-buxtehude.de\/\"},{\"@type\":\"ListItem\",\"position\":2,\"name\":\"Bibliotheken\"}]},{\"@type\":\"WebSite\",\"@id\":\"https:\/\/heimat-und-geschichtsverein-buxtehude.de\/#website\",\"url\":\"https:\/\/heimat-und-geschichtsverein-buxtehude.de\/\",\"name\":\"Heimat- und Geschichtsverein Buxtehude\",\"description\":\"Heimatverein, Geschichtsverein, Buxtehude\",\"potentialAction\":[{\"@type\":\"SearchAction\",\"target\":{\"@type\":\"EntryPoint\",\"urlTemplate\":\"https:\/\/heimat-und-geschichtsverein-buxtehude.de\/?s={search_term_string}\"},\"query-input\":{\"@type\":\"PropertyValueSpecification\",\"valueRequired\":true,\"valueName\":\"search_term_string\"}}],\"inLanguage\":\"de\"}]}<\/script>\n<!-- \/ Yoast SEO plugin. -->","yoast_head_json":{"title":"Bibliotheken - Heimat- und Geschichtsverein Buxtehude","robots":{"index":"index","follow":"follow","max-snippet":"max-snippet:-1","max-image-preview":"max-image-preview:large","max-video-preview":"max-video-preview:-1"},"canonical":"https:\/\/heimat-und-geschichtsverein-buxtehude.de\/?page_id=1996","og_locale":"de_DE","og_type":"article","og_title":"Bibliotheken - Heimat- und Geschichtsverein Buxtehude","og_description":"Bibliotheken des Heimat- und Geschichtsvereins Buxtehude e.V. Der Heimat- und Geschichtsverein Buxtehude e. V. besteht seit \u00fcber 140 Jahren. Vom \u201eVerein zur Gr\u00fcndung einer st\u00e4dtischen kunsthistorischen und kunstgewerblichen Sammlung\u201c aus dem Jahr 1880, dem \u201eMuseums-Verein\u201c von 1907, dem \u201eHeimatverein Buxtehude e. V.\u201c von 1938 \u00fcber den \u201eHeimatverein Buxtehude Haus Fischerstra\u00dfe\u2026 Continue reading","og_url":"https:\/\/heimat-und-geschichtsverein-buxtehude.de\/?page_id=1996","og_site_name":"Heimat- und Geschichtsverein Buxtehude","article_modified_time":"2024-05-27T14:32:00+00:00","twitter_card":"summary_large_image","twitter_misc":{"Gesch\u00e4tzte Lesezeit":"3\u00a0Minuten"},"schema":{"@context":"https:\/\/schema.org","@graph":[{"@type":"WebPage","@id":"https:\/\/heimat-und-geschichtsverein-buxtehude.de\/?page_id=1996","url":"https:\/\/heimat-und-geschichtsverein-buxtehude.de\/?page_id=1996","name":"Bibliotheken - Heimat- und Geschichtsverein Buxtehude","isPartOf":{"@id":"https:\/\/heimat-und-geschichtsverein-buxtehude.de\/#website"},"datePublished":"2021-12-01T13:14:23+00:00","dateModified":"2024-05-27T14:32:00+00:00","breadcrumb":{"@id":"https:\/\/heimat-und-geschichtsverein-buxtehude.de\/?page_id=1996#breadcrumb"},"inLanguage":"de","potentialAction":[{"@type":"ReadAction","target":["https:\/\/heimat-und-geschichtsverein-buxtehude.de\/?page_id=1996"]}]},{"@type":"BreadcrumbList","@id":"https:\/\/heimat-und-geschichtsverein-buxtehude.de\/?page_id=1996#breadcrumb","itemListElement":[{"@type":"ListItem","position":1,"name":"Startseite","item":"https:\/\/heimat-und-geschichtsverein-buxtehude.de\/"},{"@type":"ListItem","position":2,"name":"Bibliotheken"}]},{"@type":"WebSite","@id":"https:\/\/heimat-und-geschichtsverein-buxtehude.de\/#website","url":"https:\/\/heimat-und-geschichtsverein-buxtehude.de\/","name":"Heimat- und Geschichtsverein Buxtehude","description":"Heimatverein, Geschichtsverein, Buxtehude","potentialAction":[{"@type":"SearchAction","target":{"@type":"EntryPoint","urlTemplate":"https:\/\/heimat-und-geschichtsverein-buxtehude.de\/?s={search_term_string}"},"query-input":{"@type":"PropertyValueSpecification","valueRequired":true,"valueName":"search_term_string"}}],"inLanguage":"de"}]}},"_links":{"self":[{"href":"https:\/\/heimat-und-geschichtsverein-buxtehude.de\/index.php?rest_route=\/wp\/v2\/pages\/1996"}],"collection":[{"href":"https:\/\/heimat-und-geschichtsverein-buxtehude.de\/index.php?rest_route=\/wp\/v2\/pages"}],"about":[{"href":"https:\/\/heimat-und-geschichtsverein-buxtehude.de\/index.php?rest_route=\/wp\/v2\/types\/page"}],"author":[{"embeddable":true,"href":"https:\/\/heimat-und-geschichtsverein-buxtehude.de\/index.php?rest_route=\/wp\/v2\/users\/1"}],"replies":[{"embeddable":true,"href":"https:\/\/heimat-und-geschichtsverein-buxtehude.de\/index.php?rest_route=%2Fwp%2Fv2%2Fcomments&post=1996"}],"version-history":[{"count":22,"href":"https:\/\/heimat-und-geschichtsverein-buxtehude.de\/index.php?rest_route=\/wp\/v2\/pages\/1996\/revisions"}],"predecessor-version":[{"id":2434,"href":"https:\/\/heimat-und-geschichtsverein-buxtehude.de\/index.php?rest_route=\/wp\/v2\/pages\/1996\/revisions\/2434"}],"wp:attachment":[{"href":"https:\/\/heimat-und-geschichtsverein-buxtehude.de\/index.php?rest_route=%2Fwp%2Fv2%2Fmedia&parent=1996"}],"curies":[{"name":"wp","href":"https:\/\/api.w.org\/{rel}","templated":true}]}}