{"id":183,"date":"2018-02-26T20:02:11","date_gmt":"2018-02-26T20:02:11","guid":{"rendered":"http:\/\/heimat-und-geschichtsverein-buxtehude.de\/?page_id=183"},"modified":"2023-11-05T10:13:57","modified_gmt":"2023-11-05T10:13:57","slug":"oeffentlichkeitsarbeit","status":"publish","type":"page","link":"https:\/\/heimat-und-geschichtsverein-buxtehude.de\/?page_id=183","title":{"rendered":"\u00d6ffentlichkeitsarbeit"},"content":{"rendered":"<h1>\u00d6ffentlichkeitsarbeit<\/h1>\n<p><img loading=\"lazy\" decoding=\"async\" class=\"size-full wp-image-186 alignnone\" src=\"http:\/\/heimat-und-geschichtsverein-buxtehude.de\/wp-content\/uploads\/2018\/02\/Buxtehude-Hafen-850.jpg\" alt=\"Heimat-und-Geschichtsverein-Buxtehude\" width=\"850\" height=\"351\" srcset=\"https:\/\/heimat-und-geschichtsverein-buxtehude.de\/wp-content\/uploads\/2018\/02\/Buxtehude-Hafen-850.jpg 850w, https:\/\/heimat-und-geschichtsverein-buxtehude.de\/wp-content\/uploads\/2018\/02\/Buxtehude-Hafen-850-300x124.jpg 300w, https:\/\/heimat-und-geschichtsverein-buxtehude.de\/wp-content\/uploads\/2018\/02\/Buxtehude-Hafen-850-768x317.jpg 768w, https:\/\/heimat-und-geschichtsverein-buxtehude.de\/wp-content\/uploads\/2018\/02\/Buxtehude-Hafen-850-150x62.jpg 150w\" sizes=\"(max-width: 850px) 100vw, 850px\" \/><\/p>\n<p>\u00d6ffentlichkeitsarbeit wird allgemein als die Kunst bezeichnet, durch das gesprochene oder gedruckte Wort, durch Handlungen oder durch sichtbare Symbole das eigene Produkt oder die Dienstleistung bekannter zu machen und eine g\u00fcnstige \u00f6ffentliche Meinung daf\u00fcr zu schaffen.<\/p>\n<p>Diese Definition der \u00d6ffentlichkeitsarbeit gilt auch f\u00fcr unseren Heimat- und Geschichtsverein, wobei unsere \u201eProdukte\u201c oder unsere \u201eDienstleistungen\u201c durch die Satzung vorgegeben sind:<\/p>\n<ul>\n<li>Heimatgeschichtsforschung und die Pflege geschichtlicher Denkm\u00e4ler<\/li>\n<li>F\u00f6rderung und Pflege des kulturellen Lebens in der Stadt<\/li>\n<li>Versch\u00f6nerung des Stadtbildes und des Umlandes<\/li>\n<li>Aktivit\u00e4ten f\u00fcr den Umwelt- und Naturschutz<\/li>\n<li>F\u00f6rderung und Pflege der plattdeutschen Sprache<\/li>\n<\/ul>\n<p><strong>Ziele der \u00d6ffentlichkeitsarbeit<\/strong><\/p>\n<ul>\n<li>Den Bekanntheitsgrad des Heimat- und Geschichtsvereins und seiner Aktivit\u00e4ten erh\u00f6hen<\/li>\n<li>Das Image verbessern<\/li>\n<li>Die Vereinsarbeit nach innen und nach au\u00dfen transparenter und sichtbarer machen<\/li>\n<li>Neue Mitglieder werben<\/li>\n<li>Vereinsmitgliedern motivieren, aktiv am Vereinsleben teilzunehmen<\/li>\n<\/ul>\n<p><strong>Ma\u00dfnahmen<\/strong><\/p>\n<p>Um die o.g. Ziele zu erreichen, sind viele Ma\u00dfnahmen erforderlich. Hier die wichtigsten Vorschl\u00e4ge:<\/p>\n<ul>\n<li>Einrichten einer neu gestalteten Internetseite, die die neue Struktur f\u00fcr Mitglieder und Nichtmitglieder deutlich macht und aktuelle Themen f\u00fcr Interessierte zur Verf\u00fcgung stellt<\/li>\n<li>Herausgabe eines Vereinsheftes, um sowohl Mitglieder als auch Nichtmitglieder, die nicht mit dem Internet verbunden sind, \u00fcber aktuelle Vereinsthemen zu informieren<\/li>\n<li>Gezielte Werbung neuer (aktiver) Mitglieder \u00fcber die Presse, Internetseite und Flyer<\/li>\n<li>Organisieren von Vortr\u00e4gen und anderen \u00f6ffentlichen Veranstaltungen<\/li>\n<li>Pressekontakte pflegen<\/li>\n<li>Sponsoren werben, um f\u00fcr neue Aktivit\u00e4ten ausreichende Finanzmittel zu bekommen<\/li>\n<\/ul>\n<p>Die Umsetzung der vorgeschlagenen Ma\u00dfnahmen ist langfristig zu sehen. Wir wollen mit der Einf\u00fchrung der beiden erstgenannten Vorschl\u00e4ge beginnen: Die Schaffung einer klaren Vereinsstruktur und die Neugestaltung der Internetseite mit dem besonderen Anliegen, die neue Vereinsstruktur mit klarer Aufgabenverteilung f\u00fcr jeden sichtbar werden zu lassen.<\/p>\n<p>Wer Interesse hat, in der AG f\u00fcr \u00d6ffentlichkeitsarbeit mitzuarbeiten, ist herzlich willkommen.<\/p>\n<p>Ansprechpartner: Hans-Joachim Dammann, Mail-Adresse: <a href=\"mailto:hans-joachim.dammann@ewetel.net\">hans-joachim.dammann@ewetel.net<\/a><\/p>\n<hr>\n<p>2023 hatten wir zu einem Fotowettbewerb &#8222;Alleen in der Region&#8220; aufgerufen. Die 10 pr\u00e4mierten Fotos wurden im Rahmen der Wanderausstellung &#8222;Land der Alleen &#8211;&nbsp; Die sch\u00f6nsten und wertvollsten Alleen in Niedersachsen&#8220; des Niedes\u00e4chsischen Heimatbundes im Kulturforum gezeigt. Wir zeigen ihnen hier die ersten drei platzierten Fotos.<\/p>\n<div id=\"attachment_2358\" style=\"width: 490px\" class=\"wp-caption alignnone\"><img loading=\"lazy\" decoding=\"async\" aria-describedby=\"caption-attachment-2358\" class=\" wp-image-2358\" src=\"https:\/\/heimat-und-geschichtsverein-buxtehude.de\/wp-content\/uploads\/2023\/11\/46-Alleen-221x300.jpg\" alt=\"\" width=\"480\" height=\"652\" srcset=\"https:\/\/heimat-und-geschichtsverein-buxtehude.de\/wp-content\/uploads\/2023\/11\/46-Alleen-221x300.jpg 221w, https:\/\/heimat-und-geschichtsverein-buxtehude.de\/wp-content\/uploads\/2023\/11\/46-Alleen-110x150.jpg 110w, https:\/\/heimat-und-geschichtsverein-buxtehude.de\/wp-content\/uploads\/2023\/11\/46-Alleen.jpg 753w\" sizes=\"(max-width: 480px) 100vw, 480px\" \/><p id=\"caption-attachment-2358\" class=\"wp-caption-text\">Foto 1: <span style=\"font-family: Times New Roman, serif;\"><span style=\"font-size: medium;\">Winfried Miertsch, Foto 2: Wofgang G\u00f6lzer,&nbsp; &nbsp; &nbsp; &nbsp; &nbsp; &nbsp; &nbsp; &nbsp; &nbsp; &nbsp; &nbsp; &nbsp; &nbsp; &nbsp; &nbsp; &nbsp; &nbsp;Foto 3: Christina Herrmann<\/span><\/span><\/p><\/div>\n<p><img loading=\"lazy\" decoding=\"async\" class=\" wp-image-2357 alignleft\" src=\"https:\/\/heimat-und-geschichtsverein-buxtehude.de\/wp-content\/uploads\/2023\/11\/28-Alleen-Wofgang-Goelzer-300x200.jpg\" alt=\"\" width=\"706\" height=\"471\" srcset=\"https:\/\/heimat-und-geschichtsverein-buxtehude.de\/wp-content\/uploads\/2023\/11\/28-Alleen-Wofgang-Goelzer-300x200.jpg 300w, https:\/\/heimat-und-geschichtsverein-buxtehude.de\/wp-content\/uploads\/2023\/11\/28-Alleen-Wofgang-Goelzer-768x513.jpg 768w, https:\/\/heimat-und-geschichtsverein-buxtehude.de\/wp-content\/uploads\/2023\/11\/28-Alleen-Wofgang-Goelzer-150x100.jpg 150w, https:\/\/heimat-und-geschichtsverein-buxtehude.de\/wp-content\/uploads\/2023\/11\/28-Alleen-Wofgang-Goelzer.jpg 1024w\" sizes=\"(max-width: 706px) 100vw, 706px\" \/><img loading=\"lazy\" decoding=\"async\" class=\" wp-image-2356 alignleft\" src=\"https:\/\/heimat-und-geschichtsverein-buxtehude.de\/wp-content\/uploads\/2023\/11\/3-Alleen-214x300.jpeg\" alt=\"\" width=\"488\" height=\"684\" srcset=\"https:\/\/heimat-und-geschichtsverein-buxtehude.de\/wp-content\/uploads\/2023\/11\/3-Alleen-214x300.jpeg 214w, https:\/\/heimat-und-geschichtsverein-buxtehude.de\/wp-content\/uploads\/2023\/11\/3-Alleen-107x150.jpeg 107w, https:\/\/heimat-und-geschichtsverein-buxtehude.de\/wp-content\/uploads\/2023\/11\/3-Alleen.jpeg 729w\" sizes=\"(max-width: 488px) 100vw, 488px\" \/><\/p>\n","protected":false},"excerpt":{"rendered":"<p>\u00d6ffentlichkeitsarbeit \u00d6ffentlichkeitsarbeit wird allgemein als die Kunst bezeichnet, durch das gesprochene oder gedruckte Wort, durch Handlungen oder durch sichtbare Symbole das eigene Produkt oder die Dienstleistung bekannter zu machen und eine g\u00fcnstige \u00f6ffentliche Meinung daf\u00fcr zu schaffen. Diese Definition der \u00d6ffentlichkeitsarbeit gilt auch f\u00fcr unseren Heimat- und Geschichtsverein, wobei unsere\u2026<\/p>\n<p> <a class=\"continue-reading-link\" href=\"https:\/\/heimat-und-geschichtsverein-buxtehude.de\/?page_id=183\"><span>Continue reading<\/span><i class=\"crycon-right-dir\"><\/i><\/a> <\/p>\n","protected":false},"author":1,"featured_media":0,"parent":0,"menu_order":0,"comment_status":"closed","ping_status":"closed","template":"","meta":{"ngg_post_thumbnail":0,"footnotes":""},"yoast_head":"<!-- This site is optimized with the Yoast SEO plugin v23.5 - https:\/\/yoast.com\/wordpress\/plugins\/seo\/ -->\n<title>\u00d6ffentlichkeitsarbeit - Heimat- und Geschichtsverein Buxtehude<\/title>\n<meta name=\"description\" content=\"\u00d6ffentlichkeitsarbeit, Heimatverein, Geschichtsverein, Heimatgeschichtsforschung, Pflege geschichtlicher Denkm\u00e4ler, F\u00f6rderung und Pflege des kulturellen Lebens in der Stadt, Versch\u00f6nerung des Stadtbildes und des Umlandes, Aktivit\u00e4ten f\u00fcr den Umwelt- und Naturschutz, F\u00f6rderung und Pflege der plattdeutschen Sprache\" \/>\n<meta name=\"robots\" content=\"index, follow, max-snippet:-1, max-image-preview:large, max-video-preview:-1\" \/>\n<link rel=\"canonical\" href=\"https:\/\/heimat-und-geschichtsverein-buxtehude.de\/?page_id=183\" \/>\n<meta property=\"og:locale\" content=\"de_DE\" \/>\n<meta property=\"og:type\" content=\"article\" \/>\n<meta property=\"og:title\" content=\"\u00d6ffentlichkeitsarbeit - Heimat- und Geschichtsverein Buxtehude\" \/>\n<meta property=\"og:description\" content=\"\u00d6ffentlichkeitsarbeit, Heimatverein, Geschichtsverein, Heimatgeschichtsforschung, Pflege geschichtlicher Denkm\u00e4ler, F\u00f6rderung und Pflege des kulturellen Lebens in der Stadt, Versch\u00f6nerung des Stadtbildes und des Umlandes, Aktivit\u00e4ten f\u00fcr den Umwelt- und Naturschutz, F\u00f6rderung und Pflege der plattdeutschen Sprache\" \/>\n<meta property=\"og:url\" content=\"https:\/\/heimat-und-geschichtsverein-buxtehude.de\/?page_id=183\" \/>\n<meta property=\"og:site_name\" content=\"Heimat- und Geschichtsverein Buxtehude\" \/>\n<meta property=\"article:modified_time\" content=\"2023-11-05T10:13:57+00:00\" \/>\n<meta property=\"og:image\" content=\"http:\/\/heimat-und-geschichtsverein-buxtehude.de\/wp-content\/uploads\/2018\/02\/Buxtehude-Hafen-850.jpg\" \/>\n<meta name=\"twitter:card\" content=\"summary_large_image\" \/>\n<meta name=\"twitter:label1\" content=\"Gesch\u00e4tzte Lesezeit\" \/>\n\t<meta name=\"twitter:data1\" content=\"3\u00a0Minuten\" \/>\n<script type=\"application\/ld+json\" class=\"yoast-schema-graph\">{\"@context\":\"https:\/\/schema.org\",\"@graph\":[{\"@type\":\"WebPage\",\"@id\":\"https:\/\/heimat-und-geschichtsverein-buxtehude.de\/?page_id=183\",\"url\":\"https:\/\/heimat-und-geschichtsverein-buxtehude.de\/?page_id=183\",\"name\":\"\u00d6ffentlichkeitsarbeit - Heimat- und Geschichtsverein Buxtehude\",\"isPartOf\":{\"@id\":\"https:\/\/heimat-und-geschichtsverein-buxtehude.de\/#website\"},\"primaryImageOfPage\":{\"@id\":\"https:\/\/heimat-und-geschichtsverein-buxtehude.de\/?page_id=183#primaryimage\"},\"image\":{\"@id\":\"https:\/\/heimat-und-geschichtsverein-buxtehude.de\/?page_id=183#primaryimage\"},\"thumbnailUrl\":\"http:\/\/heimat-und-geschichtsverein-buxtehude.de\/wp-content\/uploads\/2018\/02\/Buxtehude-Hafen-850.jpg\",\"datePublished\":\"2018-02-26T20:02:11+00:00\",\"dateModified\":\"2023-11-05T10:13:57+00:00\",\"description\":\"\u00d6ffentlichkeitsarbeit, Heimatverein, Geschichtsverein, Heimatgeschichtsforschung, Pflege geschichtlicher Denkm\u00e4ler, F\u00f6rderung und Pflege des kulturellen Lebens in der Stadt, Versch\u00f6nerung des Stadtbildes und des Umlandes, Aktivit\u00e4ten f\u00fcr den Umwelt- und Naturschutz, F\u00f6rderung und Pflege der plattdeutschen Sprache\",\"breadcrumb\":{\"@id\":\"https:\/\/heimat-und-geschichtsverein-buxtehude.de\/?page_id=183#breadcrumb\"},\"inLanguage\":\"de\",\"potentialAction\":[{\"@type\":\"ReadAction\",\"target\":[\"https:\/\/heimat-und-geschichtsverein-buxtehude.de\/?page_id=183\"]}]},{\"@type\":\"ImageObject\",\"inLanguage\":\"de\",\"@id\":\"https:\/\/heimat-und-geschichtsverein-buxtehude.de\/?page_id=183#primaryimage\",\"url\":\"http:\/\/heimat-und-geschichtsverein-buxtehude.de\/wp-content\/uploads\/2018\/02\/Buxtehude-Hafen-850.jpg\",\"contentUrl\":\"http:\/\/heimat-und-geschichtsverein-buxtehude.de\/wp-content\/uploads\/2018\/02\/Buxtehude-Hafen-850.jpg\"},{\"@type\":\"BreadcrumbList\",\"@id\":\"https:\/\/heimat-und-geschichtsverein-buxtehude.de\/?page_id=183#breadcrumb\",\"itemListElement\":[{\"@type\":\"ListItem\",\"position\":1,\"name\":\"Startseite\",\"item\":\"https:\/\/heimat-und-geschichtsverein-buxtehude.de\/\"},{\"@type\":\"ListItem\",\"position\":2,\"name\":\"\u00d6ffentlichkeitsarbeit\"}]},{\"@type\":\"WebSite\",\"@id\":\"https:\/\/heimat-und-geschichtsverein-buxtehude.de\/#website\",\"url\":\"https:\/\/heimat-und-geschichtsverein-buxtehude.de\/\",\"name\":\"Heimat- und Geschichtsverein Buxtehude\",\"description\":\"Heimatverein, Geschichtsverein, Buxtehude\",\"potentialAction\":[{\"@type\":\"SearchAction\",\"target\":{\"@type\":\"EntryPoint\",\"urlTemplate\":\"https:\/\/heimat-und-geschichtsverein-buxtehude.de\/?s={search_term_string}\"},\"query-input\":{\"@type\":\"PropertyValueSpecification\",\"valueRequired\":true,\"valueName\":\"search_term_string\"}}],\"inLanguage\":\"de\"}]}<\/script>\n<!-- \/ Yoast SEO plugin. -->","yoast_head_json":{"title":"\u00d6ffentlichkeitsarbeit - Heimat- und Geschichtsverein Buxtehude","description":"\u00d6ffentlichkeitsarbeit, Heimatverein, Geschichtsverein, Heimatgeschichtsforschung, Pflege geschichtlicher Denkm\u00e4ler, F\u00f6rderung und Pflege des kulturellen Lebens in der Stadt, Versch\u00f6nerung des Stadtbildes und des Umlandes, Aktivit\u00e4ten f\u00fcr den Umwelt- und Naturschutz, F\u00f6rderung und Pflege der plattdeutschen Sprache","robots":{"index":"index","follow":"follow","max-snippet":"max-snippet:-1","max-image-preview":"max-image-preview:large","max-video-preview":"max-video-preview:-1"},"canonical":"https:\/\/heimat-und-geschichtsverein-buxtehude.de\/?page_id=183","og_locale":"de_DE","og_type":"article","og_title":"\u00d6ffentlichkeitsarbeit - Heimat- und Geschichtsverein Buxtehude","og_description":"\u00d6ffentlichkeitsarbeit, Heimatverein, Geschichtsverein, Heimatgeschichtsforschung, Pflege geschichtlicher Denkm\u00e4ler, F\u00f6rderung und Pflege des kulturellen Lebens in der Stadt, Versch\u00f6nerung des Stadtbildes und des Umlandes, Aktivit\u00e4ten f\u00fcr den Umwelt- und Naturschutz, F\u00f6rderung und Pflege der plattdeutschen Sprache","og_url":"https:\/\/heimat-und-geschichtsverein-buxtehude.de\/?page_id=183","og_site_name":"Heimat- und Geschichtsverein Buxtehude","article_modified_time":"2023-11-05T10:13:57+00:00","og_image":[{"url":"http:\/\/heimat-und-geschichtsverein-buxtehude.de\/wp-content\/uploads\/2018\/02\/Buxtehude-Hafen-850.jpg"}],"twitter_card":"summary_large_image","twitter_misc":{"Gesch\u00e4tzte Lesezeit":"3\u00a0Minuten"},"schema":{"@context":"https:\/\/schema.org","@graph":[{"@type":"WebPage","@id":"https:\/\/heimat-und-geschichtsverein-buxtehude.de\/?page_id=183","url":"https:\/\/heimat-und-geschichtsverein-buxtehude.de\/?page_id=183","name":"\u00d6ffentlichkeitsarbeit - Heimat- und Geschichtsverein Buxtehude","isPartOf":{"@id":"https:\/\/heimat-und-geschichtsverein-buxtehude.de\/#website"},"primaryImageOfPage":{"@id":"https:\/\/heimat-und-geschichtsverein-buxtehude.de\/?page_id=183#primaryimage"},"image":{"@id":"https:\/\/heimat-und-geschichtsverein-buxtehude.de\/?page_id=183#primaryimage"},"thumbnailUrl":"http:\/\/heimat-und-geschichtsverein-buxtehude.de\/wp-content\/uploads\/2018\/02\/Buxtehude-Hafen-850.jpg","datePublished":"2018-02-26T20:02:11+00:00","dateModified":"2023-11-05T10:13:57+00:00","description":"\u00d6ffentlichkeitsarbeit, Heimatverein, Geschichtsverein, Heimatgeschichtsforschung, Pflege geschichtlicher Denkm\u00e4ler, F\u00f6rderung und Pflege des kulturellen Lebens in der Stadt, Versch\u00f6nerung des Stadtbildes und des Umlandes, Aktivit\u00e4ten f\u00fcr den Umwelt- und Naturschutz, F\u00f6rderung und Pflege der plattdeutschen Sprache","breadcrumb":{"@id":"https:\/\/heimat-und-geschichtsverein-buxtehude.de\/?page_id=183#breadcrumb"},"inLanguage":"de","potentialAction":[{"@type":"ReadAction","target":["https:\/\/heimat-und-geschichtsverein-buxtehude.de\/?page_id=183"]}]},{"@type":"ImageObject","inLanguage":"de","@id":"https:\/\/heimat-und-geschichtsverein-buxtehude.de\/?page_id=183#primaryimage","url":"http:\/\/heimat-und-geschichtsverein-buxtehude.de\/wp-content\/uploads\/2018\/02\/Buxtehude-Hafen-850.jpg","contentUrl":"http:\/\/heimat-und-geschichtsverein-buxtehude.de\/wp-content\/uploads\/2018\/02\/Buxtehude-Hafen-850.jpg"},{"@type":"BreadcrumbList","@id":"https:\/\/heimat-und-geschichtsverein-buxtehude.de\/?page_id=183#breadcrumb","itemListElement":[{"@type":"ListItem","position":1,"name":"Startseite","item":"https:\/\/heimat-und-geschichtsverein-buxtehude.de\/"},{"@type":"ListItem","position":2,"name":"\u00d6ffentlichkeitsarbeit"}]},{"@type":"WebSite","@id":"https:\/\/heimat-und-geschichtsverein-buxtehude.de\/#website","url":"https:\/\/heimat-und-geschichtsverein-buxtehude.de\/","name":"Heimat- und Geschichtsverein Buxtehude","description":"Heimatverein, Geschichtsverein, Buxtehude","potentialAction":[{"@type":"SearchAction","target":{"@type":"EntryPoint","urlTemplate":"https:\/\/heimat-und-geschichtsverein-buxtehude.de\/?s={search_term_string}"},"query-input":{"@type":"PropertyValueSpecification","valueRequired":true,"valueName":"search_term_string"}}],"inLanguage":"de"}]}},"_links":{"self":[{"href":"https:\/\/heimat-und-geschichtsverein-buxtehude.de\/index.php?rest_route=\/wp\/v2\/pages\/183"}],"collection":[{"href":"https:\/\/heimat-und-geschichtsverein-buxtehude.de\/index.php?rest_route=\/wp\/v2\/pages"}],"about":[{"href":"https:\/\/heimat-und-geschichtsverein-buxtehude.de\/index.php?rest_route=\/wp\/v2\/types\/page"}],"author":[{"embeddable":true,"href":"https:\/\/heimat-und-geschichtsverein-buxtehude.de\/index.php?rest_route=\/wp\/v2\/users\/1"}],"replies":[{"embeddable":true,"href":"https:\/\/heimat-und-geschichtsverein-buxtehude.de\/index.php?rest_route=%2Fwp%2Fv2%2Fcomments&post=183"}],"version-history":[{"count":13,"href":"https:\/\/heimat-und-geschichtsverein-buxtehude.de\/index.php?rest_route=\/wp\/v2\/pages\/183\/revisions"}],"predecessor-version":[{"id":2374,"href":"https:\/\/heimat-und-geschichtsverein-buxtehude.de\/index.php?rest_route=\/wp\/v2\/pages\/183\/revisions\/2374"}],"wp:attachment":[{"href":"https:\/\/heimat-und-geschichtsverein-buxtehude.de\/index.php?rest_route=%2Fwp%2Fv2%2Fmedia&parent=183"}],"curies":[{"name":"wp","href":"https:\/\/api.w.org\/{rel}","templated":true}]}}