{"id":146,"date":"2018-02-26T19:41:11","date_gmt":"2018-02-26T19:41:11","guid":{"rendered":"http:\/\/heimat-und-geschichtsverein-buxtehude.de\/?page_id=146"},"modified":"2021-11-13T18:58:14","modified_gmt":"2021-11-13T18:58:14","slug":"geschichte","status":"publish","type":"page","link":"https:\/\/heimat-und-geschichtsverein-buxtehude.de\/?page_id=146","title":{"rendered":"Geschichte"},"content":{"rendered":"<h1>Die Arbeitsgemeinschaft Geschichte<\/h1>\n<p>Gem\u00e4\u00df der Vereinssatzung widmet sich die AG Geschichte der Erforschung, Darstellung und Vermittlung der Geschichte der Hansestadt Buxtehude und der Regionalgeschichte. Zu diesem Zweck geben wir Publikationen heraus, veranstalten Vortr\u00e4ge und laden demn\u00e4chst regelm\u00e4\u00dfig zum \u201eBuxtehuder Geschichtsstammtisch\u201c ein.<br>Ansprechpartner: Herr Uterm\u00f6hlen, Mail-Adresse: bernd@utermoehlens.de<\/p>\n<p><strong>1. Herausgabe von Publikationen<\/strong><\/p>\n<p>Seit 1953 sind in unregelm\u00e4\u00dfigen Abst\u00e4nden sieben B\u00e4nde der Reihe \u201eHeimatliches Buxtehude\u201c erschienen. Jeder Band enth\u00e4lt Aufs\u00e4tze zur Stadtgeschichte, Arch\u00e4ologie, Natur- und Landschaftsschutz, zur Pflege des Niederdeutschen und anderen im Interesse des Vereins liegenden Themen. Im Jahr 2015 haben wir Band VII herausgegeben. Band VIII ist in Vorbereitung.<\/p>\n<p>Zudem gibt der Verein zu besonderen Themen Einzelver\u00f6ffentlichungen heraus.<\/p>\n<p><strong>2. Vortr\u00e4ge<\/strong><\/p>\n<p>Die Vortragsreihe \u201eLebensader Este\u201c fand erstmals im Winterhalbjahr 2013\/2014 statt. Seitdem gibt es in jedem Jahr von Oktober bis Februar vier bis sechs Vortr\u00e4ge, die dem Leben an der und um die Este gewidmet sind. Die Vortr\u00e4ge finden jeweils an Sonntagnachmittagen um 17.00 Uhr im Kulturforum am Hafen am Hafen statt.<\/p>\n<p>Wenn m\u00f6glich, werden die Vortragstexte in der Reihe \u201eHeimatliches Buxtehude\u201c ver\u00f6ffentlicht.<\/p>\n<p><strong>3. Buxtehuder Geschichtsstammtisch<\/strong><\/p>\n<p>Der Buxtehuder Geschichtsstammtisch ist eine neue Veranstaltungsreihe des Vereins, bei der in geselligem Rahmen ein stadthistorisches, arch\u00e4ologisches oder ein anderes kulturgeschichtlich-interessantes Thema behandelt wird, aber auch Zeit f\u00fcr Kl\u00f6nschnack und Gedankenaustausch besteht. Das erste Treffen fand am 14.06.2018 im Restaurant Haus Fischerstra\u00dfe 3 statt.<br>\u00dcber 20 Vereinsmitglieder waren gekommen, um von Bernd Uterm\u00f6hlen Interessantes \u00fcber die fast 140 j\u00e4hrige Geschichte des Vereins zu h\u00f6ren. F\u00fcr das Jubil\u00e4umsjahr 2020 ist eine gr\u00f6\u00dfere Veranstaltung geplant. Mitstreiter f\u00fcr das Projekt werden dringend gesucht.<br>Einladungen f\u00fcr die folgenden Stammtische werden zeitnah an die Vereinsmitglieder versandt.<\/p>\n<p><img loading=\"lazy\" decoding=\"async\" class=\"alignleft wp-image-1072\" src=\"https:\/\/heimat-und-geschichtsverein-buxtehude.de\/wp-content\/uploads\/2018\/06\/20180620_185549.jpg\" alt=\"\" width=\"619\" height=\"348\" srcset=\"https:\/\/heimat-und-geschichtsverein-buxtehude.de\/wp-content\/uploads\/2018\/06\/20180620_185549.jpg 4128w, https:\/\/heimat-und-geschichtsverein-buxtehude.de\/wp-content\/uploads\/2018\/06\/20180620_185549-300x169.jpg 300w, https:\/\/heimat-und-geschichtsverein-buxtehude.de\/wp-content\/uploads\/2018\/06\/20180620_185549-768x432.jpg 768w, https:\/\/heimat-und-geschichtsverein-buxtehude.de\/wp-content\/uploads\/2018\/06\/20180620_185549-1024x576.jpg 1024w, https:\/\/heimat-und-geschichtsverein-buxtehude.de\/wp-content\/uploads\/2018\/06\/20180620_185549-150x84.jpg 150w\" sizes=\"(max-width: 619px) 100vw, 619px\" \/><\/p>\n<p>&nbsp;<\/p>\n<p>&nbsp;<\/p>\n<p>Bernd Uterm\u00f6hlen bei seinem Vortrag &#8222;140 Jahre Heimat- und Geschichtsverein Buxtehude&#8220;<\/p>\n<p>&nbsp;<\/p>\n<p>&nbsp;<\/p>\n<p>&nbsp;<\/p>\n<p>&nbsp;<\/p>\n<p>&nbsp;<\/p>\n<p>&nbsp;<\/p>\n<p>&nbsp;<\/p>\n<p><strong>Zum Herunterladen: Die Masterarbeit von Antje Ghosh:<\/strong><br><strong>\u201eDer lange Weg zur Eingemeindung der Landgemeinde Altkloster in die Stadtgemeinde Buxtehude von 1918 bis 1931 und die Nachwirkungen\u201c<\/strong><\/p>\n<p>Bereits vor 1918 hatte es \u00dcberlegungen gegeben zur Vereinigung der beiden Gemeinden Altkloster und Buxtehude, die in Buxtehude als nachteilig beurteilt und deswegen nicht weiter verfolgt worden waren.<\/p>\n<p>Am 30. November 1918 wurde in einer Sitzung des Gemeindeausschusses von Altkloster der Beschluss gefasst, die v\u00f6llige Vereinigung der Landgemeinde Altkloster mit der Stadtgemeinde Buxtehude anzustreben. Andernorts, wie in Stade, waren es die Stadtgemeinden, die versuchten, sich ihrer umliegenden Landgemeinden zwecks Hinzugewinnung von Bauland und Industriegel\u00e4nde zu bem\u00e4chtigen. Nicht so in Buxtehude: 13 Jahre dauerte es, bis nach manchen Widerst\u00e4nden aus Buxtehude am 21. M\u00e4rz 1931 das Gesetz \u00fcber die \u00c4nderung der kommunalen Grenzen der Stadt Buxtehude im Preu\u00dfischen Landtag beschlossen und Altkloster zwangseingemeindet wurde.<\/p>\n<p>Unser Vorstandsmitglied Antje Ghosh hat \u00fcber dieses Thema ihre Masterarbeit geschrieben. Der Titel ihrer Arbeit lautet: Der lange Weg zur Eingemeindung der Landgemeinde Altkloster in die Stadtgemeinde Buxtehude 1918 bis 1931 und die Nachwirkungen. Interessierte k\u00f6nnen sich die sehr lesenswerte Arbeit hier herunterladen:<\/p>\n<h4><a href=\"https:\/\/heimat-und-geschichtsverein-buxtehude.de\/wp-content\/uploads\/2020\/07\/Die-Eingemeindung-von-Altkloster-Erg\u00e4nzung-22.06.2020.pdf\">Die Eingemeindung von Altkloster &#8211; Erg\u00e4nzung 22.06.2020<\/a><\/h4>\n<p>&nbsp;<\/p>\n<p>&nbsp;<\/p>\n<p>2015 wurde der <strong>Band Heimatliches Buxtehude VII<\/strong><br>von der AG Geschichte herausgegeben.<\/p>\n<p><img loading=\"lazy\" decoding=\"async\" class=\"wp-image-149 alignnone\" src=\"http:\/\/heimat-und-geschichtsverein-buxtehude.de\/wp-content\/uploads\/2018\/02\/CCI09032017-2.jpg\" alt=\"\" width=\"293\" height=\"406\" srcset=\"https:\/\/heimat-und-geschichtsverein-buxtehude.de\/wp-content\/uploads\/2018\/02\/CCI09032017-2.jpg 388w, https:\/\/heimat-und-geschichtsverein-buxtehude.de\/wp-content\/uploads\/2018\/02\/CCI09032017-2-217x300.jpg 217w, https:\/\/heimat-und-geschichtsverein-buxtehude.de\/wp-content\/uploads\/2018\/02\/CCI09032017-2-108x150.jpg 108w\" sizes=\"(max-width: 293px) 100vw, 293px\" \/><\/p>\n\n\n<p><strong>Band VIII des Heimatlichen<\/strong> <strong>Buxtehude<\/strong> liegt seit Anfang Dezember 2020 vor. <br>Er kann in den Buxtehuder Buchhandlungen oder direkt beim Heimat-<br>und Geschichtsverein gekauft werden. Der Band hat 328 Seiten und kostet 19,80 Euro.<\/p>\n\n\n\n<figure class=\"wp-block-image is-resized\"><img loading=\"lazy\" decoding=\"async\" src=\"https:\/\/heimat-und-geschichtsverein-buxtehude.de\/wp-content\/uploads\/2020\/12\/CCI28122020-729x1024.jpg\" alt=\"\" class=\"wp-image-1877\" width=\"293\" height=\"411\" srcset=\"https:\/\/heimat-und-geschichtsverein-buxtehude.de\/wp-content\/uploads\/2020\/12\/CCI28122020-729x1024.jpg 729w, https:\/\/heimat-und-geschichtsverein-buxtehude.de\/wp-content\/uploads\/2020\/12\/CCI28122020-214x300.jpg 214w, https:\/\/heimat-und-geschichtsverein-buxtehude.de\/wp-content\/uploads\/2020\/12\/CCI28122020-768x1079.jpg 768w, https:\/\/heimat-und-geschichtsverein-buxtehude.de\/wp-content\/uploads\/2020\/12\/CCI28122020-107x150.jpg 107w, https:\/\/heimat-und-geschichtsverein-buxtehude.de\/wp-content\/uploads\/2020\/12\/CCI28122020.jpg 1217w\" sizes=\"(max-width: 293px) 100vw, 293px\" \/><figcaption>Seit Anfang Dezember 2020 liegt  Band VIII vor. <\/figcaption><\/figure>\n","protected":false},"excerpt":{"rendered":"<p>Die Arbeitsgemeinschaft Geschichte Gem\u00e4\u00df der Vereinssatzung widmet sich die AG Geschichte der Erforschung, Darstellung und Vermittlung der Geschichte der Hansestadt Buxtehude und der Regionalgeschichte. Zu diesem Zweck geben wir Publikationen heraus, veranstalten Vortr\u00e4ge und laden demn\u00e4chst regelm\u00e4\u00dfig zum \u201eBuxtehuder Geschichtsstammtisch\u201c ein.Ansprechpartner: Herr Uterm\u00f6hlen, Mail-Adresse: bernd@utermoehlens.de 1. Herausgabe von Publikationen Seit\u2026<\/p>\n<p> <a class=\"continue-reading-link\" href=\"https:\/\/heimat-und-geschichtsverein-buxtehude.de\/?page_id=146\"><span>Continue reading<\/span><i class=\"crycon-right-dir\"><\/i><\/a> <\/p>\n","protected":false},"author":1,"featured_media":0,"parent":0,"menu_order":0,"comment_status":"closed","ping_status":"closed","template":"","meta":{"ngg_post_thumbnail":0,"footnotes":""},"yoast_head":"<!-- This site is optimized with the Yoast SEO plugin v23.5 - https:\/\/yoast.com\/wordpress\/plugins\/seo\/ -->\n<title>Geschichte - Heimat- und Geschichtsverein Buxtehude<\/title>\n<meta name=\"robots\" content=\"index, follow, max-snippet:-1, max-image-preview:large, max-video-preview:-1\" \/>\n<link rel=\"canonical\" href=\"https:\/\/heimat-und-geschichtsverein-buxtehude.de\/?page_id=146\" \/>\n<meta property=\"og:locale\" content=\"de_DE\" \/>\n<meta property=\"og:type\" content=\"article\" \/>\n<meta property=\"og:title\" content=\"Geschichte - Heimat- und Geschichtsverein Buxtehude\" \/>\n<meta property=\"og:description\" content=\"Die Arbeitsgemeinschaft Geschichte Gem\u00e4\u00df der Vereinssatzung widmet sich die AG Geschichte der Erforschung, Darstellung und Vermittlung der Geschichte der Hansestadt Buxtehude und der Regionalgeschichte. Zu diesem Zweck geben wir Publikationen heraus, veranstalten Vortr\u00e4ge und laden demn\u00e4chst regelm\u00e4\u00dfig zum \u201eBuxtehuder Geschichtsstammtisch\u201c ein.Ansprechpartner: Herr Uterm\u00f6hlen, Mail-Adresse: bernd@utermoehlens.de 1. Herausgabe von Publikationen Seit\u2026 Continue reading\" \/>\n<meta property=\"og:url\" content=\"https:\/\/heimat-und-geschichtsverein-buxtehude.de\/?page_id=146\" \/>\n<meta property=\"og:site_name\" content=\"Heimat- und Geschichtsverein Buxtehude\" \/>\n<meta property=\"article:modified_time\" content=\"2021-11-13T18:58:14+00:00\" \/>\n<meta property=\"og:image\" content=\"https:\/\/heimat-und-geschichtsverein-buxtehude.de\/wp-content\/uploads\/2018\/06\/20180620_185549.jpg\" \/>\n<meta name=\"twitter:card\" content=\"summary_large_image\" \/>\n<meta name=\"twitter:label1\" content=\"Gesch\u00e4tzte Lesezeit\" \/>\n\t<meta name=\"twitter:data1\" content=\"3\u00a0Minuten\" \/>\n<script type=\"application\/ld+json\" class=\"yoast-schema-graph\">{\"@context\":\"https:\/\/schema.org\",\"@graph\":[{\"@type\":\"WebPage\",\"@id\":\"https:\/\/heimat-und-geschichtsverein-buxtehude.de\/?page_id=146\",\"url\":\"https:\/\/heimat-und-geschichtsverein-buxtehude.de\/?page_id=146\",\"name\":\"Geschichte - Heimat- und Geschichtsverein Buxtehude\",\"isPartOf\":{\"@id\":\"https:\/\/heimat-und-geschichtsverein-buxtehude.de\/#website\"},\"primaryImageOfPage\":{\"@id\":\"https:\/\/heimat-und-geschichtsverein-buxtehude.de\/?page_id=146#primaryimage\"},\"image\":{\"@id\":\"https:\/\/heimat-und-geschichtsverein-buxtehude.de\/?page_id=146#primaryimage\"},\"thumbnailUrl\":\"https:\/\/heimat-und-geschichtsverein-buxtehude.de\/wp-content\/uploads\/2018\/06\/20180620_185549.jpg\",\"datePublished\":\"2018-02-26T19:41:11+00:00\",\"dateModified\":\"2021-11-13T18:58:14+00:00\",\"breadcrumb\":{\"@id\":\"https:\/\/heimat-und-geschichtsverein-buxtehude.de\/?page_id=146#breadcrumb\"},\"inLanguage\":\"de\",\"potentialAction\":[{\"@type\":\"ReadAction\",\"target\":[\"https:\/\/heimat-und-geschichtsverein-buxtehude.de\/?page_id=146\"]}]},{\"@type\":\"ImageObject\",\"inLanguage\":\"de\",\"@id\":\"https:\/\/heimat-und-geschichtsverein-buxtehude.de\/?page_id=146#primaryimage\",\"url\":\"https:\/\/heimat-und-geschichtsverein-buxtehude.de\/wp-content\/uploads\/2018\/06\/20180620_185549.jpg\",\"contentUrl\":\"https:\/\/heimat-und-geschichtsverein-buxtehude.de\/wp-content\/uploads\/2018\/06\/20180620_185549.jpg\",\"width\":4128,\"height\":2322},{\"@type\":\"BreadcrumbList\",\"@id\":\"https:\/\/heimat-und-geschichtsverein-buxtehude.de\/?page_id=146#breadcrumb\",\"itemListElement\":[{\"@type\":\"ListItem\",\"position\":1,\"name\":\"Startseite\",\"item\":\"https:\/\/heimat-und-geschichtsverein-buxtehude.de\/\"},{\"@type\":\"ListItem\",\"position\":2,\"name\":\"Geschichte\"}]},{\"@type\":\"WebSite\",\"@id\":\"https:\/\/heimat-und-geschichtsverein-buxtehude.de\/#website\",\"url\":\"https:\/\/heimat-und-geschichtsverein-buxtehude.de\/\",\"name\":\"Heimat- und Geschichtsverein Buxtehude\",\"description\":\"Heimatverein, Geschichtsverein, Buxtehude\",\"potentialAction\":[{\"@type\":\"SearchAction\",\"target\":{\"@type\":\"EntryPoint\",\"urlTemplate\":\"https:\/\/heimat-und-geschichtsverein-buxtehude.de\/?s={search_term_string}\"},\"query-input\":{\"@type\":\"PropertyValueSpecification\",\"valueRequired\":true,\"valueName\":\"search_term_string\"}}],\"inLanguage\":\"de\"}]}<\/script>\n<!-- \/ Yoast SEO plugin. -->","yoast_head_json":{"title":"Geschichte - Heimat- und Geschichtsverein Buxtehude","robots":{"index":"index","follow":"follow","max-snippet":"max-snippet:-1","max-image-preview":"max-image-preview:large","max-video-preview":"max-video-preview:-1"},"canonical":"https:\/\/heimat-und-geschichtsverein-buxtehude.de\/?page_id=146","og_locale":"de_DE","og_type":"article","og_title":"Geschichte - Heimat- und Geschichtsverein Buxtehude","og_description":"Die Arbeitsgemeinschaft Geschichte Gem\u00e4\u00df der Vereinssatzung widmet sich die AG Geschichte der Erforschung, Darstellung und Vermittlung der Geschichte der Hansestadt Buxtehude und der Regionalgeschichte. Zu diesem Zweck geben wir Publikationen heraus, veranstalten Vortr\u00e4ge und laden demn\u00e4chst regelm\u00e4\u00dfig zum \u201eBuxtehuder Geschichtsstammtisch\u201c ein.Ansprechpartner: Herr Uterm\u00f6hlen, Mail-Adresse: bernd@utermoehlens.de 1. Herausgabe von Publikationen Seit\u2026 Continue reading","og_url":"https:\/\/heimat-und-geschichtsverein-buxtehude.de\/?page_id=146","og_site_name":"Heimat- und Geschichtsverein Buxtehude","article_modified_time":"2021-11-13T18:58:14+00:00","og_image":[{"url":"https:\/\/heimat-und-geschichtsverein-buxtehude.de\/wp-content\/uploads\/2018\/06\/20180620_185549.jpg"}],"twitter_card":"summary_large_image","twitter_misc":{"Gesch\u00e4tzte Lesezeit":"3\u00a0Minuten"},"schema":{"@context":"https:\/\/schema.org","@graph":[{"@type":"WebPage","@id":"https:\/\/heimat-und-geschichtsverein-buxtehude.de\/?page_id=146","url":"https:\/\/heimat-und-geschichtsverein-buxtehude.de\/?page_id=146","name":"Geschichte - Heimat- und Geschichtsverein Buxtehude","isPartOf":{"@id":"https:\/\/heimat-und-geschichtsverein-buxtehude.de\/#website"},"primaryImageOfPage":{"@id":"https:\/\/heimat-und-geschichtsverein-buxtehude.de\/?page_id=146#primaryimage"},"image":{"@id":"https:\/\/heimat-und-geschichtsverein-buxtehude.de\/?page_id=146#primaryimage"},"thumbnailUrl":"https:\/\/heimat-und-geschichtsverein-buxtehude.de\/wp-content\/uploads\/2018\/06\/20180620_185549.jpg","datePublished":"2018-02-26T19:41:11+00:00","dateModified":"2021-11-13T18:58:14+00:00","breadcrumb":{"@id":"https:\/\/heimat-und-geschichtsverein-buxtehude.de\/?page_id=146#breadcrumb"},"inLanguage":"de","potentialAction":[{"@type":"ReadAction","target":["https:\/\/heimat-und-geschichtsverein-buxtehude.de\/?page_id=146"]}]},{"@type":"ImageObject","inLanguage":"de","@id":"https:\/\/heimat-und-geschichtsverein-buxtehude.de\/?page_id=146#primaryimage","url":"https:\/\/heimat-und-geschichtsverein-buxtehude.de\/wp-content\/uploads\/2018\/06\/20180620_185549.jpg","contentUrl":"https:\/\/heimat-und-geschichtsverein-buxtehude.de\/wp-content\/uploads\/2018\/06\/20180620_185549.jpg","width":4128,"height":2322},{"@type":"BreadcrumbList","@id":"https:\/\/heimat-und-geschichtsverein-buxtehude.de\/?page_id=146#breadcrumb","itemListElement":[{"@type":"ListItem","position":1,"name":"Startseite","item":"https:\/\/heimat-und-geschichtsverein-buxtehude.de\/"},{"@type":"ListItem","position":2,"name":"Geschichte"}]},{"@type":"WebSite","@id":"https:\/\/heimat-und-geschichtsverein-buxtehude.de\/#website","url":"https:\/\/heimat-und-geschichtsverein-buxtehude.de\/","name":"Heimat- und Geschichtsverein Buxtehude","description":"Heimatverein, Geschichtsverein, Buxtehude","potentialAction":[{"@type":"SearchAction","target":{"@type":"EntryPoint","urlTemplate":"https:\/\/heimat-und-geschichtsverein-buxtehude.de\/?s={search_term_string}"},"query-input":{"@type":"PropertyValueSpecification","valueRequired":true,"valueName":"search_term_string"}}],"inLanguage":"de"}]}},"_links":{"self":[{"href":"https:\/\/heimat-und-geschichtsverein-buxtehude.de\/index.php?rest_route=\/wp\/v2\/pages\/146"}],"collection":[{"href":"https:\/\/heimat-und-geschichtsverein-buxtehude.de\/index.php?rest_route=\/wp\/v2\/pages"}],"about":[{"href":"https:\/\/heimat-und-geschichtsverein-buxtehude.de\/index.php?rest_route=\/wp\/v2\/types\/page"}],"author":[{"embeddable":true,"href":"https:\/\/heimat-und-geschichtsverein-buxtehude.de\/index.php?rest_route=\/wp\/v2\/users\/1"}],"replies":[{"embeddable":true,"href":"https:\/\/heimat-und-geschichtsverein-buxtehude.de\/index.php?rest_route=%2Fwp%2Fv2%2Fcomments&post=146"}],"version-history":[{"count":42,"href":"https:\/\/heimat-und-geschichtsverein-buxtehude.de\/index.php?rest_route=\/wp\/v2\/pages\/146\/revisions"}],"predecessor-version":[{"id":1993,"href":"https:\/\/heimat-und-geschichtsverein-buxtehude.de\/index.php?rest_route=\/wp\/v2\/pages\/146\/revisions\/1993"}],"wp:attachment":[{"href":"https:\/\/heimat-und-geschichtsverein-buxtehude.de\/index.php?rest_route=%2Fwp%2Fv2%2Fmedia&parent=146"}],"curies":[{"name":"wp","href":"https:\/\/api.w.org\/{rel}","templated":true}]}}