{"id":143,"date":"2018-02-26T19:38:53","date_gmt":"2018-02-26T19:38:53","guid":{"rendered":"http:\/\/heimat-und-geschichtsverein-buxtehude.de\/?page_id=143"},"modified":"2022-11-06T15:22:18","modified_gmt":"2022-11-06T15:22:18","slug":"uebersicht","status":"publish","type":"page","link":"https:\/\/heimat-und-geschichtsverein-buxtehude.de\/?page_id=143","title":{"rendered":"\u00dcbersicht"},"content":{"rendered":"<h1>\u00dcbersicht der Arbeitsgemeinschaften<\/h1>\n<p><strong>AG Geschichte<\/strong><br \/>\nSprecher: Herr Uterm\u00f6hlen, NN<br \/>\nAufgaben: Herausgabe Heimatliches Buxtehude, Beitr\u00e4ge f\u00fcr Vereinsheft verfassen, Sammeln von regionalgeschichtlichen Themen, Vortr\u00e4ge organisieren, Unterst\u00fctzung von Vereinsmitgliedern bei der Bearbeitung von regionalgeschichtlichen Themen. <a>[<\/a><a href=\"http:\/\/heimat-und-geschichtsverein-buxtehude.de\/?page_id=146\">&#8230;mehr<\/a><a>]<\/a><\/p>\n<p><strong>AG Natur<\/strong><br \/>\nSprecher: Herr Seemann, NN<br \/>\nAufgaben: Vogelkundliche Wanderungen, botanische Wanderungen, Stellungnahmen zu regionalen Umwelt- und Naturthemen, gef\u00fchrte Wanderungen, Pflege des Este-Wanderweges, Beitr\u00e4ge f\u00fcr Heimatliches Buxtehude und Vereinsheft, Organisieren von Ausstellungen. <a>[<\/a><a href=\"http:\/\/heimat-und-geschichtsverein-buxtehude.de\/?page_id=153\">&#8230; mehr<\/a><a>]<\/a><\/p>\n<p><strong>AG NettWarkPlatt<\/strong><br \/>\nSprecher: Frau Peters, NN<br \/>\nAufgaben: Organisation von plattdeutschen Veranstaltungen, Pflege der plattdeutschen Bibliothek, Vorlesen in Altenheimen, Beitr\u00e4ge f\u00fcr Heimatliches Buxtehude und Vereinsheft, Organisieren von Ausstellungen. <a>[<\/a><a href=\"http:\/\/heimat-und-geschichtsverein-buxtehude.de\/?page_id=162\">&#8230; mehr<\/a><a>]<\/a><\/p>\n<p><strong>AG Exkursionen <\/strong><br \/>\nSprecher: Zur Zeit ist die AG nicht besetzt.<br \/>\nAufgaben: Planung und Durchf\u00fchrung von Ausfl\u00fcgen, Reisen und Besichtigungen, Organisation von Lesungen und Konzerten, Beitr\u00e4ge f\u00fcr Vereinsheft und Heimatliches Buxtehude. <a href=\"http:\/\/heimat-und-geschichtsverein-buxtehude.de\/?page_id=180\">[&#8230; mehr]<\/a><\/p>\n<p><strong>AG \u00d6ffentlichkeitsarbeit<\/strong><br \/>\nSprecher: Herr Dammann, NN<br \/>\nRedaktion Vereinsheft, Verbindung zur Presse, Werbung, Organisation und Pflege der Internetseite. <a href=\"http:\/\/heimat-und-geschichtsverein-buxtehude.de\/?page_id=183\">[&#8230; mehr]<\/a><\/p>\n<p><strong>Anmerkung<\/strong><br \/>\nJedes Vereinsmitglied kann gleichzeitig in mehreren Sparten mitarbeiten; eine sparten\u00fcbergreifende Zusammenarbeit ist erw\u00fcnscht; die Sparten organisieren sich selbstst\u00e4ndig.<\/p>\n","protected":false},"excerpt":{"rendered":"<p>\u00dcbersicht der Arbeitsgemeinschaften AG Geschichte Sprecher: Herr Uterm\u00f6hlen, NN Aufgaben: Herausgabe Heimatliches Buxtehude, Beitr\u00e4ge f\u00fcr Vereinsheft verfassen, Sammeln von regionalgeschichtlichen Themen, Vortr\u00e4ge organisieren, Unterst\u00fctzung von Vereinsmitgliedern bei der Bearbeitung von regionalgeschichtlichen Themen. [&#8230;mehr] AG Natur Sprecher: Herr Seemann, NN Aufgaben: Vogelkundliche Wanderungen, botanische Wanderungen, Stellungnahmen zu regionalen Umwelt- und Naturthemen,\u2026<\/p>\n<p> <a class=\"continue-reading-link\" href=\"https:\/\/heimat-und-geschichtsverein-buxtehude.de\/?page_id=143\"><span>Continue reading<\/span><i class=\"crycon-right-dir\"><\/i><\/a> <\/p>\n","protected":false},"author":1,"featured_media":0,"parent":0,"menu_order":0,"comment_status":"closed","ping_status":"closed","template":"","meta":{"ngg_post_thumbnail":0,"footnotes":""},"yoast_head":"<!-- This site is optimized with the Yoast SEO plugin v23.5 - https:\/\/yoast.com\/wordpress\/plugins\/seo\/ -->\n<title>\u00dcbersicht - Heimat- und Geschichtsverein Buxtehude<\/title>\n<meta name=\"description\" content=\"Arbeitsgemeinschaften AG Geschichte: Herr Uterm\u00f6hlen, AG Natur: Herr Gretscher, AG NettWarkPlatt: Herr Marquardt, Frau Peters, AG Exkursionen: Frau Ghosh, AG \u00d6ffentlichkeitsarbeit: Herr Dammann\" \/>\n<meta name=\"robots\" content=\"index, follow, max-snippet:-1, max-image-preview:large, max-video-preview:-1\" \/>\n<link rel=\"canonical\" href=\"https:\/\/heimat-und-geschichtsverein-buxtehude.de\/?page_id=143\" \/>\n<meta property=\"og:locale\" content=\"de_DE\" \/>\n<meta property=\"og:type\" content=\"article\" \/>\n<meta property=\"og:title\" content=\"\u00dcbersicht - Heimat- und Geschichtsverein Buxtehude\" \/>\n<meta property=\"og:description\" content=\"Arbeitsgemeinschaften AG Geschichte: Herr Uterm\u00f6hlen, AG Natur: Herr Gretscher, AG NettWarkPlatt: Herr Marquardt, Frau Peters, AG Exkursionen: Frau Ghosh, AG \u00d6ffentlichkeitsarbeit: Herr Dammann\" \/>\n<meta property=\"og:url\" content=\"https:\/\/heimat-und-geschichtsverein-buxtehude.de\/?page_id=143\" \/>\n<meta property=\"og:site_name\" content=\"Heimat- und Geschichtsverein Buxtehude\" \/>\n<meta property=\"article:modified_time\" content=\"2022-11-06T15:22:18+00:00\" \/>\n<meta name=\"twitter:card\" content=\"summary_large_image\" \/>\n<meta name=\"twitter:label1\" content=\"Gesch\u00e4tzte Lesezeit\" \/>\n\t<meta name=\"twitter:data1\" content=\"1\u00a0Minute\" \/>\n<script type=\"application\/ld+json\" class=\"yoast-schema-graph\">{\"@context\":\"https:\/\/schema.org\",\"@graph\":[{\"@type\":\"WebPage\",\"@id\":\"https:\/\/heimat-und-geschichtsverein-buxtehude.de\/?page_id=143\",\"url\":\"https:\/\/heimat-und-geschichtsverein-buxtehude.de\/?page_id=143\",\"name\":\"\u00dcbersicht - Heimat- und Geschichtsverein Buxtehude\",\"isPartOf\":{\"@id\":\"https:\/\/heimat-und-geschichtsverein-buxtehude.de\/#website\"},\"datePublished\":\"2018-02-26T19:38:53+00:00\",\"dateModified\":\"2022-11-06T15:22:18+00:00\",\"description\":\"Arbeitsgemeinschaften AG Geschichte: Herr Uterm\u00f6hlen, AG Natur: Herr Gretscher, AG NettWarkPlatt: Herr Marquardt, Frau Peters, AG Exkursionen: Frau Ghosh, AG \u00d6ffentlichkeitsarbeit: Herr Dammann\",\"breadcrumb\":{\"@id\":\"https:\/\/heimat-und-geschichtsverein-buxtehude.de\/?page_id=143#breadcrumb\"},\"inLanguage\":\"de\",\"potentialAction\":[{\"@type\":\"ReadAction\",\"target\":[\"https:\/\/heimat-und-geschichtsverein-buxtehude.de\/?page_id=143\"]}]},{\"@type\":\"BreadcrumbList\",\"@id\":\"https:\/\/heimat-und-geschichtsverein-buxtehude.de\/?page_id=143#breadcrumb\",\"itemListElement\":[{\"@type\":\"ListItem\",\"position\":1,\"name\":\"Startseite\",\"item\":\"https:\/\/heimat-und-geschichtsverein-buxtehude.de\/\"},{\"@type\":\"ListItem\",\"position\":2,\"name\":\"\u00dcbersicht\"}]},{\"@type\":\"WebSite\",\"@id\":\"https:\/\/heimat-und-geschichtsverein-buxtehude.de\/#website\",\"url\":\"https:\/\/heimat-und-geschichtsverein-buxtehude.de\/\",\"name\":\"Heimat- und Geschichtsverein Buxtehude\",\"description\":\"Heimatverein, Geschichtsverein, Buxtehude\",\"potentialAction\":[{\"@type\":\"SearchAction\",\"target\":{\"@type\":\"EntryPoint\",\"urlTemplate\":\"https:\/\/heimat-und-geschichtsverein-buxtehude.de\/?s={search_term_string}\"},\"query-input\":{\"@type\":\"PropertyValueSpecification\",\"valueRequired\":true,\"valueName\":\"search_term_string\"}}],\"inLanguage\":\"de\"}]}<\/script>\n<!-- \/ Yoast SEO plugin. -->","yoast_head_json":{"title":"\u00dcbersicht - Heimat- und Geschichtsverein Buxtehude","description":"Arbeitsgemeinschaften AG Geschichte: Herr Uterm\u00f6hlen, AG Natur: Herr Gretscher, AG NettWarkPlatt: Herr Marquardt, Frau Peters, AG Exkursionen: Frau Ghosh, AG \u00d6ffentlichkeitsarbeit: Herr Dammann","robots":{"index":"index","follow":"follow","max-snippet":"max-snippet:-1","max-image-preview":"max-image-preview:large","max-video-preview":"max-video-preview:-1"},"canonical":"https:\/\/heimat-und-geschichtsverein-buxtehude.de\/?page_id=143","og_locale":"de_DE","og_type":"article","og_title":"\u00dcbersicht - Heimat- und Geschichtsverein Buxtehude","og_description":"Arbeitsgemeinschaften AG Geschichte: Herr Uterm\u00f6hlen, AG Natur: Herr Gretscher, AG NettWarkPlatt: Herr Marquardt, Frau Peters, AG Exkursionen: Frau Ghosh, AG \u00d6ffentlichkeitsarbeit: Herr Dammann","og_url":"https:\/\/heimat-und-geschichtsverein-buxtehude.de\/?page_id=143","og_site_name":"Heimat- und Geschichtsverein Buxtehude","article_modified_time":"2022-11-06T15:22:18+00:00","twitter_card":"summary_large_image","twitter_misc":{"Gesch\u00e4tzte Lesezeit":"1\u00a0Minute"},"schema":{"@context":"https:\/\/schema.org","@graph":[{"@type":"WebPage","@id":"https:\/\/heimat-und-geschichtsverein-buxtehude.de\/?page_id=143","url":"https:\/\/heimat-und-geschichtsverein-buxtehude.de\/?page_id=143","name":"\u00dcbersicht - Heimat- und Geschichtsverein Buxtehude","isPartOf":{"@id":"https:\/\/heimat-und-geschichtsverein-buxtehude.de\/#website"},"datePublished":"2018-02-26T19:38:53+00:00","dateModified":"2022-11-06T15:22:18+00:00","description":"Arbeitsgemeinschaften AG Geschichte: Herr Uterm\u00f6hlen, AG Natur: Herr Gretscher, AG NettWarkPlatt: Herr Marquardt, Frau Peters, AG Exkursionen: Frau Ghosh, AG \u00d6ffentlichkeitsarbeit: Herr Dammann","breadcrumb":{"@id":"https:\/\/heimat-und-geschichtsverein-buxtehude.de\/?page_id=143#breadcrumb"},"inLanguage":"de","potentialAction":[{"@type":"ReadAction","target":["https:\/\/heimat-und-geschichtsverein-buxtehude.de\/?page_id=143"]}]},{"@type":"BreadcrumbList","@id":"https:\/\/heimat-und-geschichtsverein-buxtehude.de\/?page_id=143#breadcrumb","itemListElement":[{"@type":"ListItem","position":1,"name":"Startseite","item":"https:\/\/heimat-und-geschichtsverein-buxtehude.de\/"},{"@type":"ListItem","position":2,"name":"\u00dcbersicht"}]},{"@type":"WebSite","@id":"https:\/\/heimat-und-geschichtsverein-buxtehude.de\/#website","url":"https:\/\/heimat-und-geschichtsverein-buxtehude.de\/","name":"Heimat- und Geschichtsverein Buxtehude","description":"Heimatverein, Geschichtsverein, Buxtehude","potentialAction":[{"@type":"SearchAction","target":{"@type":"EntryPoint","urlTemplate":"https:\/\/heimat-und-geschichtsverein-buxtehude.de\/?s={search_term_string}"},"query-input":{"@type":"PropertyValueSpecification","valueRequired":true,"valueName":"search_term_string"}}],"inLanguage":"de"}]}},"_links":{"self":[{"href":"https:\/\/heimat-und-geschichtsverein-buxtehude.de\/index.php?rest_route=\/wp\/v2\/pages\/143"}],"collection":[{"href":"https:\/\/heimat-und-geschichtsverein-buxtehude.de\/index.php?rest_route=\/wp\/v2\/pages"}],"about":[{"href":"https:\/\/heimat-und-geschichtsverein-buxtehude.de\/index.php?rest_route=\/wp\/v2\/types\/page"}],"author":[{"embeddable":true,"href":"https:\/\/heimat-und-geschichtsverein-buxtehude.de\/index.php?rest_route=\/wp\/v2\/users\/1"}],"replies":[{"embeddable":true,"href":"https:\/\/heimat-und-geschichtsverein-buxtehude.de\/index.php?rest_route=%2Fwp%2Fv2%2Fcomments&post=143"}],"version-history":[{"count":9,"href":"https:\/\/heimat-und-geschichtsverein-buxtehude.de\/index.php?rest_route=\/wp\/v2\/pages\/143\/revisions"}],"predecessor-version":[{"id":2165,"href":"https:\/\/heimat-und-geschichtsverein-buxtehude.de\/index.php?rest_route=\/wp\/v2\/pages\/143\/revisions\/2165"}],"wp:attachment":[{"href":"https:\/\/heimat-und-geschichtsverein-buxtehude.de\/index.php?rest_route=%2Fwp%2Fv2%2Fmedia&parent=143"}],"curies":[{"name":"wp","href":"https:\/\/api.w.org\/{rel}","templated":true}]}}